{"id":5777,"date":"2022-06-07T17:33:55","date_gmt":"2022-06-07T20:33:55","guid":{"rendered":"https:\/\/riffel.com.br\/2025\/?post_type=product&#038;p=5777"},"modified":"2024-05-31T15:38:58","modified_gmt":"2024-05-31T18:38:58","slug":"pinhao-26548-xt-225","status":"publish","type":"product","link":"https:\/\/riffel.com.br\/2025\/produto\/pinhao-26548-xt-225\/","title":{"rendered":"Pinh\u00e3o &#8211; 26548 &#8211; XT 225"},"content":{"rendered":"<h2>Qualidade e Durabilidade<\/h2>\n<p>Produzido com tecnologia e qualidade de pe\u00e7as originais, os pinh\u00f5es Riffel oferecem rendimento acima do exigido pelo Inmetro. Mais quil\u00f4metros rodados!<\/p>\n","protected":false},"excerpt":{"rendered":"<p>Qualidade e Durabilidade Produzido com tecnologia e qualidade de pe\u00e7as originais, os pinh\u00f5es Riffel oferecem rendimento acima do exigido pelo Inmetro. Mais quil\u00f4metros rodados!<\/p>\n","protected":false},"featured_media":5567,"template":"","meta":[],"product_brand":[],"product_cat":[613],"product_tag":[],"class_list":{"0":"post-5777","1":"product","2":"type-product","3":"status-publish","4":"has-post-thumbnail","6":"product_cat-pinhao","7":"pa_codigo-767","9":"first","10":"instock","11":"shipping-taxable","12":"product-type-simple"},"yoast_head":"<!-- This site is optimized with the Yoast SEO plugin v26.2 - https:\/\/yoast.com\/wordpress\/plugins\/seo\/ -->\n<title>Pinh\u00e3o - 26548 - XT 225<\/title>\n<meta name=\"description\" content=\"O Pinh\u00e3o para os mais diversos modelos de motos voc\u00ea encontra na Riffel! Vers\u00e3o para Yamaha - 26548 - XT 225 - 1997 a 2006.\" \/>\n<meta name=\"robots\" content=\"index, follow, max-snippet:-1, max-image-preview:large, max-video-preview:-1\" \/>\n<link rel=\"canonical\" href=\"https:\/\/riffel.com.br\/2025\/produto\/pinhao-26548-xt-225\/\" \/>\n<meta property=\"og:locale\" content=\"pt_BR\" \/>\n<meta property=\"og:type\" content=\"article\" \/>\n<meta property=\"og:title\" content=\"Pinh\u00e3o - 26548 - XT 225\" \/>\n<meta property=\"og:description\" content=\"O Pinh\u00e3o para os mais diversos modelos de motos voc\u00ea encontra na Riffel! Vers\u00e3o para Yamaha - 26548 - XT 225 - 1997 a 2006.\" \/>\n<meta property=\"og:url\" content=\"https:\/\/riffel.com.br\/2025\/produto\/pinhao-26548-xt-225\/\" \/>\n<meta property=\"og:site_name\" content=\"Riffel\" \/>\n<meta property=\"article:publisher\" content=\"https:\/\/www.facebook.com\/Riffel.OficialBR\/\" \/>\n<meta property=\"article:modified_time\" content=\"2024-05-31T18:38:58+00:00\" \/>\n<meta property=\"og:image\" content=\"https:\/\/riffel.com.br\/2025\/wp-content\/uploads\/2022\/06\/Pinhao.jpg\" \/>\n\t<meta property=\"og:image:width\" content=\"800\" \/>\n\t<meta property=\"og:image:height\" content=\"800\" \/>\n\t<meta property=\"og:image:type\" content=\"image\/jpeg\" \/>\n<meta name=\"twitter:card\" content=\"summary_large_image\" \/>\n<meta name=\"twitter:label1\" content=\"Est. tempo de leitura\" \/>\n\t<meta name=\"twitter:data1\" content=\"1 minuto\" \/>\n<script type=\"application\/ld+json\" class=\"yoast-schema-graph\">{\"@context\":\"https:\/\/schema.org\",\"@graph\":[{\"@type\":\"WebPage\",\"@id\":\"https:\/\/riffel.com.br\/2025\/produto\/pinhao-26548-xt-225\/\",\"url\":\"https:\/\/riffel.com.br\/2025\/produto\/pinhao-26548-xt-225\/\",\"name\":\"Pinh\u00e3o - 26548 - XT 225\",\"isPartOf\":{\"@id\":\"https:\/\/riffel.com.br\/2025\/#website\"},\"primaryImageOfPage\":{\"@id\":\"https:\/\/riffel.com.br\/2025\/produto\/pinhao-26548-xt-225\/#primaryimage\"},\"image\":{\"@id\":\"https:\/\/riffel.com.br\/2025\/produto\/pinhao-26548-xt-225\/#primaryimage\"},\"thumbnailUrl\":\"https:\/\/riffel.com.br\/2025\/wp-content\/uploads\/2022\/06\/Pinhao.jpg\",\"datePublished\":\"2022-06-07T20:33:55+00:00\",\"dateModified\":\"2024-05-31T18:38:58+00:00\",\"description\":\"O Pinh\u00e3o para os mais diversos modelos de motos voc\u00ea encontra na Riffel! Vers\u00e3o para Yamaha - 26548 - XT 225 - 1997 a 2006.\",\"breadcrumb\":{\"@id\":\"https:\/\/riffel.com.br\/2025\/produto\/pinhao-26548-xt-225\/#breadcrumb\"},\"inLanguage\":\"pt-BR\",\"potentialAction\":[{\"@type\":\"ReadAction\",\"target\":[\"https:\/\/riffel.com.br\/2025\/produto\/pinhao-26548-xt-225\/\"]}]},{\"@type\":\"ImageObject\",\"inLanguage\":\"pt-BR\",\"@id\":\"https:\/\/riffel.com.br\/2025\/produto\/pinhao-26548-xt-225\/#primaryimage\",\"url\":\"https:\/\/riffel.com.br\/2025\/wp-content\/uploads\/2022\/06\/Pinhao.jpg\",\"contentUrl\":\"https:\/\/riffel.com.br\/2025\/wp-content\/uploads\/2022\/06\/Pinhao.jpg\",\"width\":800,\"height\":800},{\"@type\":\"BreadcrumbList\",\"@id\":\"https:\/\/riffel.com.br\/2025\/produto\/pinhao-26548-xt-225\/#breadcrumb\",\"itemListElement\":[{\"@type\":\"ListItem\",\"position\":1,\"name\":\"In\u00edcio\",\"item\":\"https:\/\/riffel.com.br\/2025\/\"},{\"@type\":\"ListItem\",\"position\":2,\"name\":\"Produtos\",\"item\":\"https:\/\/riffel.com.br\/2025\/loja\/\"},{\"@type\":\"ListItem\",\"position\":3,\"name\":\"Pinh\u00e3o &#8211; 26548 &#8211; XT 225\"}]},{\"@type\":\"WebSite\",\"@id\":\"https:\/\/riffel.com.br\/2025\/#website\",\"url\":\"https:\/\/riffel.com.br\/2025\/\",\"name\":\"Riffel\",\"description\":\"Pe\u00e7as para moto\",\"publisher\":{\"@id\":\"https:\/\/riffel.com.br\/2025\/#organization\"},\"potentialAction\":[{\"@type\":\"SearchAction\",\"target\":{\"@type\":\"EntryPoint\",\"urlTemplate\":\"https:\/\/riffel.com.br\/2025\/?s={search_term_string}\"},\"query-input\":{\"@type\":\"PropertyValueSpecification\",\"valueRequired\":true,\"valueName\":\"search_term_string\"}}],\"inLanguage\":\"pt-BR\"},{\"@type\":\"Organization\",\"@id\":\"https:\/\/riffel.com.br\/2025\/#organization\",\"name\":\"Riffel - Pe\u00e7as a Acess\u00f3rios para Motos\",\"url\":\"https:\/\/riffel.com.br\/2025\/\",\"logo\":{\"@type\":\"ImageObject\",\"inLanguage\":\"pt-BR\",\"@id\":\"https:\/\/riffel.com.br\/2025\/#\/schema\/logo\/image\/\",\"url\":\"https:\/\/riffel.com.br\/2025\/wp-content\/uploads\/2020\/11\/logo-site.png\",\"contentUrl\":\"https:\/\/riffel.com.br\/2025\/wp-content\/uploads\/2020\/11\/logo-site.png\",\"width\":300,\"height\":56,\"caption\":\"Riffel - Pe\u00e7as a Acess\u00f3rios para Motos\"},\"image\":{\"@id\":\"https:\/\/riffel.com.br\/2025\/#\/schema\/logo\/image\/\"},\"sameAs\":[\"https:\/\/www.facebook.com\/Riffel.OficialBR\/\",\"https:\/\/www.instagram.com\/riffeloficial\/\",\"https:\/\/www.linkedin.com\/company\/riffel-moto-pe-as\/\",\"https:\/\/www.youtube.com\/Riffeloficialbr\"]}]}<\/script>\n<!-- \/ Yoast SEO plugin. -->","yoast_head_json":{"title":"Pinh\u00e3o - 26548 - XT 225","description":"O Pinh\u00e3o para os mais diversos modelos de motos voc\u00ea encontra na Riffel! Vers\u00e3o para Yamaha - 26548 - XT 225 - 1997 a 2006.","robots":{"index":"index","follow":"follow","max-snippet":"max-snippet:-1","max-image-preview":"max-image-preview:large","max-video-preview":"max-video-preview:-1"},"canonical":"https:\/\/riffel.com.br\/2025\/produto\/pinhao-26548-xt-225\/","og_locale":"pt_BR","og_type":"article","og_title":"Pinh\u00e3o - 26548 - XT 225","og_description":"O Pinh\u00e3o para os mais diversos modelos de motos voc\u00ea encontra na Riffel! Vers\u00e3o para Yamaha - 26548 - XT 225 - 1997 a 2006.","og_url":"https:\/\/riffel.com.br\/2025\/produto\/pinhao-26548-xt-225\/","og_site_name":"Riffel","article_publisher":"https:\/\/www.facebook.com\/Riffel.OficialBR\/","article_modified_time":"2024-05-31T18:38:58+00:00","og_image":[{"width":800,"height":800,"url":"https:\/\/riffel.com.br\/2025\/wp-content\/uploads\/2022\/06\/Pinhao.jpg","type":"image\/jpeg"}],"twitter_card":"summary_large_image","twitter_misc":{"Est. tempo de leitura":"1 minuto"},"schema":{"@context":"https:\/\/schema.org","@graph":[{"@type":"WebPage","@id":"https:\/\/riffel.com.br\/2025\/produto\/pinhao-26548-xt-225\/","url":"https:\/\/riffel.com.br\/2025\/produto\/pinhao-26548-xt-225\/","name":"Pinh\u00e3o - 26548 - XT 225","isPartOf":{"@id":"https:\/\/riffel.com.br\/2025\/#website"},"primaryImageOfPage":{"@id":"https:\/\/riffel.com.br\/2025\/produto\/pinhao-26548-xt-225\/#primaryimage"},"image":{"@id":"https:\/\/riffel.com.br\/2025\/produto\/pinhao-26548-xt-225\/#primaryimage"},"thumbnailUrl":"https:\/\/riffel.com.br\/2025\/wp-content\/uploads\/2022\/06\/Pinhao.jpg","datePublished":"2022-06-07T20:33:55+00:00","dateModified":"2024-05-31T18:38:58+00:00","description":"O Pinh\u00e3o para os mais diversos modelos de motos voc\u00ea encontra na Riffel! Vers\u00e3o para Yamaha - 26548 - XT 225 - 1997 a 2006.","breadcrumb":{"@id":"https:\/\/riffel.com.br\/2025\/produto\/pinhao-26548-xt-225\/#breadcrumb"},"inLanguage":"pt-BR","potentialAction":[{"@type":"ReadAction","target":["https:\/\/riffel.com.br\/2025\/produto\/pinhao-26548-xt-225\/"]}]},{"@type":"ImageObject","inLanguage":"pt-BR","@id":"https:\/\/riffel.com.br\/2025\/produto\/pinhao-26548-xt-225\/#primaryimage","url":"https:\/\/riffel.com.br\/2025\/wp-content\/uploads\/2022\/06\/Pinhao.jpg","contentUrl":"https:\/\/riffel.com.br\/2025\/wp-content\/uploads\/2022\/06\/Pinhao.jpg","width":800,"height":800},{"@type":"BreadcrumbList","@id":"https:\/\/riffel.com.br\/2025\/produto\/pinhao-26548-xt-225\/#breadcrumb","itemListElement":[{"@type":"ListItem","position":1,"name":"In\u00edcio","item":"https:\/\/riffel.com.br\/2025\/"},{"@type":"ListItem","position":2,"name":"Produtos","item":"https:\/\/riffel.com.br\/2025\/loja\/"},{"@type":"ListItem","position":3,"name":"Pinh\u00e3o &#8211; 26548 &#8211; XT 225"}]},{"@type":"WebSite","@id":"https:\/\/riffel.com.br\/2025\/#website","url":"https:\/\/riffel.com.br\/2025\/","name":"Riffel","description":"Pe\u00e7as para moto","publisher":{"@id":"https:\/\/riffel.com.br\/2025\/#organization"},"potentialAction":[{"@type":"SearchAction","target":{"@type":"EntryPoint","urlTemplate":"https:\/\/riffel.com.br\/2025\/?s={search_term_string}"},"query-input":{"@type":"PropertyValueSpecification","valueRequired":true,"valueName":"search_term_string"}}],"inLanguage":"pt-BR"},{"@type":"Organization","@id":"https:\/\/riffel.com.br\/2025\/#organization","name":"Riffel - Pe\u00e7as a Acess\u00f3rios para Motos","url":"https:\/\/riffel.com.br\/2025\/","logo":{"@type":"ImageObject","inLanguage":"pt-BR","@id":"https:\/\/riffel.com.br\/2025\/#\/schema\/logo\/image\/","url":"https:\/\/riffel.com.br\/2025\/wp-content\/uploads\/2020\/11\/logo-site.png","contentUrl":"https:\/\/riffel.com.br\/2025\/wp-content\/uploads\/2020\/11\/logo-site.png","width":300,"height":56,"caption":"Riffel - Pe\u00e7as a Acess\u00f3rios para Motos"},"image":{"@id":"https:\/\/riffel.com.br\/2025\/#\/schema\/logo\/image\/"},"sameAs":["https:\/\/www.facebook.com\/Riffel.OficialBR\/","https:\/\/www.instagram.com\/riffeloficial\/","https:\/\/www.linkedin.com\/company\/riffel-moto-pe-as\/","https:\/\/www.youtube.com\/Riffeloficialbr"]}]}},"_links":{"self":[{"href":"https:\/\/riffel.com.br\/2025\/wp-json\/wp\/v2\/product\/5777","targetHints":{"allow":["GET"]}}],"collection":[{"href":"https:\/\/riffel.com.br\/2025\/wp-json\/wp\/v2\/product"}],"about":[{"href":"https:\/\/riffel.com.br\/2025\/wp-json\/wp\/v2\/types\/product"}],"version-history":[{"count":0,"href":"https:\/\/riffel.com.br\/2025\/wp-json\/wp\/v2\/product\/5777\/revisions"}],"wp:featuredmedia":[{"embeddable":true,"href":"https:\/\/riffel.com.br\/2025\/wp-json\/wp\/v2\/media\/5567"}],"wp:attachment":[{"href":"https:\/\/riffel.com.br\/2025\/wp-json\/wp\/v2\/media?parent=5777"}],"wp:term":[{"taxonomy":"product_brand","embeddable":true,"href":"https:\/\/riffel.com.br\/2025\/wp-json\/wp\/v2\/product_brand?post=5777"},{"taxonomy":"product_cat","embeddable":true,"href":"https:\/\/riffel.com.br\/2025\/wp-json\/wp\/v2\/product_cat?post=5777"},{"taxonomy":"product_tag","embeddable":true,"href":"https:\/\/riffel.com.br\/2025\/wp-json\/wp\/v2\/product_tag?post=5777"}],"curies":[{"name":"wp","href":"https:\/\/api.w.org\/{rel}","templated":true}]}}