{"id":5095,"date":"2022-06-02T21:14:14","date_gmt":"2022-06-03T00:14:14","guid":{"rendered":"https:\/\/riffel.com.br\/2025\/?post_type=product&#038;p=5095"},"modified":"2022-07-19T23:33:03","modified_gmt":"2022-07-20T02:33:03","slug":"caixa-de-direcao-esferica-100712-nx-350-sahara","status":"publish","type":"product","link":"https:\/\/riffel.com.br\/2025\/produto\/caixa-de-direcao-esferica-100712-nx-350-sahara\/","title":{"rendered":"Caixa de Dire\u00e7\u00e3o Esf\u00e9rica &#8211; 100712 &#8211; NX 350 SAHARA"},"content":{"rendered":"<h2>Qualidade e Durabilidade<\/h2>\n<p>Desenvolvida especialmente aos motociclistas que priorizam o uso urbano, as caixas de dire\u00e7\u00e3o esf\u00e9ricas geralmente s\u00e3o utilizadas nas linhas de montagem da maioria das motocicletas de baixa e m\u00e9dia cilindrada.<\/p>\n","protected":false},"excerpt":{"rendered":"<p>Qualidade e Durabilidade Desenvolvida especialmente aos motociclistas que priorizam o uso urbano, as caixas de dire\u00e7\u00e3o esf\u00e9ricas geralmente s\u00e3o utilizadas nas linhas de montagem da maioria das motocicletas de baixa e m\u00e9dia cilindrada.<\/p>\n","protected":false},"featured_media":3606,"template":"","meta":[],"product_brand":[],"product_cat":[610],"product_tag":[],"class_list":{"0":"post-5095","1":"product","2":"type-product","3":"status-publish","4":"has-post-thumbnail","6":"product_cat-caixa-de-direcao-esferica","7":"pa_codigo-707","9":"first","10":"instock","11":"shipping-taxable","12":"product-type-simple"},"yoast_head":"<!-- This site is optimized with the Yoast SEO plugin v26.2 - https:\/\/yoast.com\/wordpress\/plugins\/seo\/ -->\n<title>Caixa de Dire\u00e7\u00e3o Esf\u00e9rica - 100712 - NX 350 SAHARA<\/title>\n<meta name=\"description\" content=\"A caixa de dire\u00e7\u00e3o esf\u00e9rica para os mais diversos modelos de motos voc\u00ea encontra na Riffel! Vers\u00e3o para Honda - NX 350 SAHARA - 1990 a 1999.\" \/>\n<meta name=\"robots\" content=\"index, follow, max-snippet:-1, max-image-preview:large, max-video-preview:-1\" \/>\n<link rel=\"canonical\" href=\"https:\/\/riffel.com.br\/2025\/produto\/caixa-de-direcao-esferica-100712-nx-350-sahara\/\" \/>\n<meta property=\"og:locale\" content=\"pt_BR\" \/>\n<meta property=\"og:type\" content=\"article\" \/>\n<meta property=\"og:title\" content=\"Caixa de Dire\u00e7\u00e3o Esf\u00e9rica - 100712 - NX 350 SAHARA\" \/>\n<meta property=\"og:description\" content=\"A caixa de dire\u00e7\u00e3o esf\u00e9rica para os mais diversos modelos de motos voc\u00ea encontra na Riffel! Vers\u00e3o para Honda - NX 350 SAHARA - 1990 a 1999.\" \/>\n<meta property=\"og:url\" content=\"https:\/\/riffel.com.br\/2025\/produto\/caixa-de-direcao-esferica-100712-nx-350-sahara\/\" \/>\n<meta property=\"og:site_name\" content=\"Riffel\" \/>\n<meta property=\"article:publisher\" content=\"https:\/\/www.facebook.com\/Riffel.OficialBR\/\" \/>\n<meta property=\"article:modified_time\" content=\"2022-07-20T02:33:03+00:00\" \/>\n<meta property=\"og:image\" content=\"https:\/\/riffel.com.br\/2025\/wp-content\/uploads\/2021\/05\/05-Caixa-direcao-Esferica.jpg\" \/>\n\t<meta property=\"og:image:width\" content=\"800\" \/>\n\t<meta property=\"og:image:height\" content=\"800\" \/>\n\t<meta property=\"og:image:type\" content=\"image\/jpeg\" \/>\n<meta name=\"twitter:card\" content=\"summary_large_image\" \/>\n<meta name=\"twitter:label1\" content=\"Est. tempo de leitura\" \/>\n\t<meta name=\"twitter:data1\" content=\"1 minuto\" \/>\n<script type=\"application\/ld+json\" class=\"yoast-schema-graph\">{\"@context\":\"https:\/\/schema.org\",\"@graph\":[{\"@type\":\"WebPage\",\"@id\":\"https:\/\/riffel.com.br\/2025\/produto\/caixa-de-direcao-esferica-100712-nx-350-sahara\/\",\"url\":\"https:\/\/riffel.com.br\/2025\/produto\/caixa-de-direcao-esferica-100712-nx-350-sahara\/\",\"name\":\"Caixa de Dire\u00e7\u00e3o Esf\u00e9rica - 100712 - NX 350 SAHARA\",\"isPartOf\":{\"@id\":\"https:\/\/riffel.com.br\/2025\/#website\"},\"primaryImageOfPage\":{\"@id\":\"https:\/\/riffel.com.br\/2025\/produto\/caixa-de-direcao-esferica-100712-nx-350-sahara\/#primaryimage\"},\"image\":{\"@id\":\"https:\/\/riffel.com.br\/2025\/produto\/caixa-de-direcao-esferica-100712-nx-350-sahara\/#primaryimage\"},\"thumbnailUrl\":\"https:\/\/riffel.com.br\/2025\/wp-content\/uploads\/2021\/05\/05-Caixa-direcao-Esferica.jpg\",\"datePublished\":\"2022-06-03T00:14:14+00:00\",\"dateModified\":\"2022-07-20T02:33:03+00:00\",\"description\":\"A caixa de dire\u00e7\u00e3o esf\u00e9rica para os mais diversos modelos de motos voc\u00ea encontra na Riffel! Vers\u00e3o para Honda - NX 350 SAHARA - 1990 a 1999.\",\"breadcrumb\":{\"@id\":\"https:\/\/riffel.com.br\/2025\/produto\/caixa-de-direcao-esferica-100712-nx-350-sahara\/#breadcrumb\"},\"inLanguage\":\"pt-BR\",\"potentialAction\":[{\"@type\":\"ReadAction\",\"target\":[\"https:\/\/riffel.com.br\/2025\/produto\/caixa-de-direcao-esferica-100712-nx-350-sahara\/\"]}]},{\"@type\":\"ImageObject\",\"inLanguage\":\"pt-BR\",\"@id\":\"https:\/\/riffel.com.br\/2025\/produto\/caixa-de-direcao-esferica-100712-nx-350-sahara\/#primaryimage\",\"url\":\"https:\/\/riffel.com.br\/2025\/wp-content\/uploads\/2021\/05\/05-Caixa-direcao-Esferica.jpg\",\"contentUrl\":\"https:\/\/riffel.com.br\/2025\/wp-content\/uploads\/2021\/05\/05-Caixa-direcao-Esferica.jpg\",\"width\":800,\"height\":800,\"caption\":\"Caixa de Dire\u00e7\u00e3o Esf\u00e9rica da Riffel\"},{\"@type\":\"BreadcrumbList\",\"@id\":\"https:\/\/riffel.com.br\/2025\/produto\/caixa-de-direcao-esferica-100712-nx-350-sahara\/#breadcrumb\",\"itemListElement\":[{\"@type\":\"ListItem\",\"position\":1,\"name\":\"In\u00edcio\",\"item\":\"https:\/\/riffel.com.br\/2025\/\"},{\"@type\":\"ListItem\",\"position\":2,\"name\":\"Produtos\",\"item\":\"https:\/\/riffel.com.br\/2025\/loja\/\"},{\"@type\":\"ListItem\",\"position\":3,\"name\":\"Caixa de Dire\u00e7\u00e3o Esf\u00e9rica &#8211; 100712 &#8211; NX 350 SAHARA\"}]},{\"@type\":\"WebSite\",\"@id\":\"https:\/\/riffel.com.br\/2025\/#website\",\"url\":\"https:\/\/riffel.com.br\/2025\/\",\"name\":\"Riffel\",\"description\":\"Pe\u00e7as para moto\",\"publisher\":{\"@id\":\"https:\/\/riffel.com.br\/2025\/#organization\"},\"potentialAction\":[{\"@type\":\"SearchAction\",\"target\":{\"@type\":\"EntryPoint\",\"urlTemplate\":\"https:\/\/riffel.com.br\/2025\/?s={search_term_string}\"},\"query-input\":{\"@type\":\"PropertyValueSpecification\",\"valueRequired\":true,\"valueName\":\"search_term_string\"}}],\"inLanguage\":\"pt-BR\"},{\"@type\":\"Organization\",\"@id\":\"https:\/\/riffel.com.br\/2025\/#organization\",\"name\":\"Riffel - Pe\u00e7as a Acess\u00f3rios para Motos\",\"url\":\"https:\/\/riffel.com.br\/2025\/\",\"logo\":{\"@type\":\"ImageObject\",\"inLanguage\":\"pt-BR\",\"@id\":\"https:\/\/riffel.com.br\/2025\/#\/schema\/logo\/image\/\",\"url\":\"https:\/\/riffel.com.br\/2025\/wp-content\/uploads\/2020\/11\/logo-site.png\",\"contentUrl\":\"https:\/\/riffel.com.br\/2025\/wp-content\/uploads\/2020\/11\/logo-site.png\",\"width\":300,\"height\":56,\"caption\":\"Riffel - Pe\u00e7as a Acess\u00f3rios para Motos\"},\"image\":{\"@id\":\"https:\/\/riffel.com.br\/2025\/#\/schema\/logo\/image\/\"},\"sameAs\":[\"https:\/\/www.facebook.com\/Riffel.OficialBR\/\",\"https:\/\/www.instagram.com\/riffeloficial\/\",\"https:\/\/www.linkedin.com\/company\/riffel-moto-pe-as\/\",\"https:\/\/www.youtube.com\/Riffeloficialbr\"]}]}<\/script>\n<!-- \/ Yoast SEO plugin. -->","yoast_head_json":{"title":"Caixa de Dire\u00e7\u00e3o Esf\u00e9rica - 100712 - NX 350 SAHARA","description":"A caixa de dire\u00e7\u00e3o esf\u00e9rica para os mais diversos modelos de motos voc\u00ea encontra na Riffel! Vers\u00e3o para Honda - NX 350 SAHARA - 1990 a 1999.","robots":{"index":"index","follow":"follow","max-snippet":"max-snippet:-1","max-image-preview":"max-image-preview:large","max-video-preview":"max-video-preview:-1"},"canonical":"https:\/\/riffel.com.br\/2025\/produto\/caixa-de-direcao-esferica-100712-nx-350-sahara\/","og_locale":"pt_BR","og_type":"article","og_title":"Caixa de Dire\u00e7\u00e3o Esf\u00e9rica - 100712 - NX 350 SAHARA","og_description":"A caixa de dire\u00e7\u00e3o esf\u00e9rica para os mais diversos modelos de motos voc\u00ea encontra na Riffel! Vers\u00e3o para Honda - NX 350 SAHARA - 1990 a 1999.","og_url":"https:\/\/riffel.com.br\/2025\/produto\/caixa-de-direcao-esferica-100712-nx-350-sahara\/","og_site_name":"Riffel","article_publisher":"https:\/\/www.facebook.com\/Riffel.OficialBR\/","article_modified_time":"2022-07-20T02:33:03+00:00","og_image":[{"width":800,"height":800,"url":"https:\/\/riffel.com.br\/2025\/wp-content\/uploads\/2021\/05\/05-Caixa-direcao-Esferica.jpg","type":"image\/jpeg"}],"twitter_card":"summary_large_image","twitter_misc":{"Est. tempo de leitura":"1 minuto"},"schema":{"@context":"https:\/\/schema.org","@graph":[{"@type":"WebPage","@id":"https:\/\/riffel.com.br\/2025\/produto\/caixa-de-direcao-esferica-100712-nx-350-sahara\/","url":"https:\/\/riffel.com.br\/2025\/produto\/caixa-de-direcao-esferica-100712-nx-350-sahara\/","name":"Caixa de Dire\u00e7\u00e3o Esf\u00e9rica - 100712 - NX 350 SAHARA","isPartOf":{"@id":"https:\/\/riffel.com.br\/2025\/#website"},"primaryImageOfPage":{"@id":"https:\/\/riffel.com.br\/2025\/produto\/caixa-de-direcao-esferica-100712-nx-350-sahara\/#primaryimage"},"image":{"@id":"https:\/\/riffel.com.br\/2025\/produto\/caixa-de-direcao-esferica-100712-nx-350-sahara\/#primaryimage"},"thumbnailUrl":"https:\/\/riffel.com.br\/2025\/wp-content\/uploads\/2021\/05\/05-Caixa-direcao-Esferica.jpg","datePublished":"2022-06-03T00:14:14+00:00","dateModified":"2022-07-20T02:33:03+00:00","description":"A caixa de dire\u00e7\u00e3o esf\u00e9rica para os mais diversos modelos de motos voc\u00ea encontra na Riffel! Vers\u00e3o para Honda - NX 350 SAHARA - 1990 a 1999.","breadcrumb":{"@id":"https:\/\/riffel.com.br\/2025\/produto\/caixa-de-direcao-esferica-100712-nx-350-sahara\/#breadcrumb"},"inLanguage":"pt-BR","potentialAction":[{"@type":"ReadAction","target":["https:\/\/riffel.com.br\/2025\/produto\/caixa-de-direcao-esferica-100712-nx-350-sahara\/"]}]},{"@type":"ImageObject","inLanguage":"pt-BR","@id":"https:\/\/riffel.com.br\/2025\/produto\/caixa-de-direcao-esferica-100712-nx-350-sahara\/#primaryimage","url":"https:\/\/riffel.com.br\/2025\/wp-content\/uploads\/2021\/05\/05-Caixa-direcao-Esferica.jpg","contentUrl":"https:\/\/riffel.com.br\/2025\/wp-content\/uploads\/2021\/05\/05-Caixa-direcao-Esferica.jpg","width":800,"height":800,"caption":"Caixa de Dire\u00e7\u00e3o Esf\u00e9rica da Riffel"},{"@type":"BreadcrumbList","@id":"https:\/\/riffel.com.br\/2025\/produto\/caixa-de-direcao-esferica-100712-nx-350-sahara\/#breadcrumb","itemListElement":[{"@type":"ListItem","position":1,"name":"In\u00edcio","item":"https:\/\/riffel.com.br\/2025\/"},{"@type":"ListItem","position":2,"name":"Produtos","item":"https:\/\/riffel.com.br\/2025\/loja\/"},{"@type":"ListItem","position":3,"name":"Caixa de Dire\u00e7\u00e3o Esf\u00e9rica &#8211; 100712 &#8211; NX 350 SAHARA"}]},{"@type":"WebSite","@id":"https:\/\/riffel.com.br\/2025\/#website","url":"https:\/\/riffel.com.br\/2025\/","name":"Riffel","description":"Pe\u00e7as para moto","publisher":{"@id":"https:\/\/riffel.com.br\/2025\/#organization"},"potentialAction":[{"@type":"SearchAction","target":{"@type":"EntryPoint","urlTemplate":"https:\/\/riffel.com.br\/2025\/?s={search_term_string}"},"query-input":{"@type":"PropertyValueSpecification","valueRequired":true,"valueName":"search_term_string"}}],"inLanguage":"pt-BR"},{"@type":"Organization","@id":"https:\/\/riffel.com.br\/2025\/#organization","name":"Riffel - Pe\u00e7as a Acess\u00f3rios para Motos","url":"https:\/\/riffel.com.br\/2025\/","logo":{"@type":"ImageObject","inLanguage":"pt-BR","@id":"https:\/\/riffel.com.br\/2025\/#\/schema\/logo\/image\/","url":"https:\/\/riffel.com.br\/2025\/wp-content\/uploads\/2020\/11\/logo-site.png","contentUrl":"https:\/\/riffel.com.br\/2025\/wp-content\/uploads\/2020\/11\/logo-site.png","width":300,"height":56,"caption":"Riffel - Pe\u00e7as a Acess\u00f3rios para Motos"},"image":{"@id":"https:\/\/riffel.com.br\/2025\/#\/schema\/logo\/image\/"},"sameAs":["https:\/\/www.facebook.com\/Riffel.OficialBR\/","https:\/\/www.instagram.com\/riffeloficial\/","https:\/\/www.linkedin.com\/company\/riffel-moto-pe-as\/","https:\/\/www.youtube.com\/Riffeloficialbr"]}]}},"_links":{"self":[{"href":"https:\/\/riffel.com.br\/2025\/wp-json\/wp\/v2\/product\/5095","targetHints":{"allow":["GET"]}}],"collection":[{"href":"https:\/\/riffel.com.br\/2025\/wp-json\/wp\/v2\/product"}],"about":[{"href":"https:\/\/riffel.com.br\/2025\/wp-json\/wp\/v2\/types\/product"}],"version-history":[{"count":0,"href":"https:\/\/riffel.com.br\/2025\/wp-json\/wp\/v2\/product\/5095\/revisions"}],"wp:featuredmedia":[{"embeddable":true,"href":"https:\/\/riffel.com.br\/2025\/wp-json\/wp\/v2\/media\/3606"}],"wp:attachment":[{"href":"https:\/\/riffel.com.br\/2025\/wp-json\/wp\/v2\/media?parent=5095"}],"wp:term":[{"taxonomy":"product_brand","embeddable":true,"href":"https:\/\/riffel.com.br\/2025\/wp-json\/wp\/v2\/product_brand?post=5095"},{"taxonomy":"product_cat","embeddable":true,"href":"https:\/\/riffel.com.br\/2025\/wp-json\/wp\/v2\/product_cat?post=5095"},{"taxonomy":"product_tag","embeddable":true,"href":"https:\/\/riffel.com.br\/2025\/wp-json\/wp\/v2\/product_tag?post=5095"}],"curies":[{"name":"wp","href":"https:\/\/api.w.org\/{rel}","templated":true}]}}