{"id":4724,"date":"2022-05-20T10:11:05","date_gmt":"2022-05-20T13:11:05","guid":{"rendered":"https:\/\/riffel.com.br\/2025\/?post_type=product&#038;p=4724"},"modified":"2023-09-21T06:51:41","modified_gmt":"2023-09-21T09:51:41","slug":"caixa-de-direcao-conica-100700-cg-125-cg-125i-titan-cargo-fan-today-turuna","status":"publish","type":"product","link":"https:\/\/riffel.com.br\/2025\/produto\/caixa-de-direcao-conica-100700-cg-125-cg-125i-titan-cargo-fan-today-turuna\/","title":{"rendered":"Caixa de Dire\u00e7\u00e3o C\u00f4nica &#8211; 100700 &#8211; CG 125 \/ CG 125I  TITAN \/ CARGO \/ FAN \/ TODAY \/ TURUNA KS &#8211; ES &#8211; ESD \/ FAN KS &#8211; ES \/ TITAN KS &#8211; ES &#8211; KSE"},"content":{"rendered":"<h2>Qualidade e Durabilidade<\/h2>\n<p>Criada especialmente para motociclistas que trafegam em pistas irregulares ou fora da estrada, a caixa de dire\u00e7\u00e3o c\u00f4nica permite suportar mais impactos na coluna de dire\u00e7\u00e3o pois apresenta caracter\u00edstica mais \u201crobusta\u201d.<\/p>\n","protected":false},"excerpt":{"rendered":"<p>Qualidade e Durabilidade Criada especialmente para motociclistas que trafegam em pistas irregulares ou fora da estrada, a caixa de dire\u00e7\u00e3o c\u00f4nica permite suportar mais impactos na coluna de dire\u00e7\u00e3o pois apresenta caracter\u00edstica mais \u201crobusta\u201d.<\/p>\n","protected":false},"featured_media":3602,"template":"","meta":[],"product_brand":[],"product_cat":[609],"product_tag":[],"class_list":{"0":"post-4724","1":"product","2":"type-product","3":"status-publish","4":"has-post-thumbnail","6":"product_cat-caixa-de-direcao-conica","7":"pa_codigo-620","9":"first","10":"instock","11":"shipping-taxable","12":"product-type-simple"},"yoast_head":"<!-- This site is optimized with the Yoast SEO plugin v26.2 - https:\/\/yoast.com\/wordpress\/plugins\/seo\/ -->\n<title>Caixa de Dire\u00e7\u00e3o C\u00f4nica - 100700 - CG 125 | Riffel<\/title>\n<meta name=\"description\" content=\"A caixa de dire\u00e7\u00e3o c\u00f4nica para os mais diversos modelos de motos voc\u00ea encontra na Riffel! Vers\u00e3o para Honda - CG 125 \/ CG 125I TITAN \/ CARGO \/ FAN \/ TODAY \/ TURUNA KS - ES - ESD \/ FAN KS - ES \/ TITAN KS - ES - KSE - 1983 a 1999.\" \/>\n<meta name=\"robots\" content=\"index, follow, max-snippet:-1, max-image-preview:large, max-video-preview:-1\" \/>\n<link rel=\"canonical\" href=\"https:\/\/riffel.com.br\/2025\/produto\/caixa-de-direcao-conica-100700-cg-125-cg-125i-titan-cargo-fan-today-turuna\/\" \/>\n<meta property=\"og:locale\" content=\"pt_BR\" \/>\n<meta property=\"og:type\" content=\"article\" \/>\n<meta property=\"og:title\" content=\"Caixa de Dire\u00e7\u00e3o C\u00f4nica - 100700 - CG 125 | Riffel\" \/>\n<meta property=\"og:description\" content=\"A caixa de dire\u00e7\u00e3o c\u00f4nica para os mais diversos modelos de motos voc\u00ea encontra na Riffel! Vers\u00e3o para Honda - CG 125 \/ CG 125I TITAN \/ CARGO \/ FAN \/ TODAY \/ TURUNA KS - ES - ESD \/ FAN KS - ES \/ TITAN KS - ES - KSE - 1983 a 1999.\" \/>\n<meta property=\"og:url\" content=\"https:\/\/riffel.com.br\/2025\/produto\/caixa-de-direcao-conica-100700-cg-125-cg-125i-titan-cargo-fan-today-turuna\/\" \/>\n<meta property=\"og:site_name\" content=\"Riffel\" \/>\n<meta property=\"article:publisher\" content=\"https:\/\/www.facebook.com\/Riffel.OficialBR\/\" \/>\n<meta property=\"article:modified_time\" content=\"2023-09-21T09:51:41+00:00\" \/>\n<meta property=\"og:image\" content=\"https:\/\/riffel.com.br\/2025\/wp-content\/uploads\/2021\/05\/04-Caixa-direcao-Conica.jpg\" \/>\n\t<meta property=\"og:image:width\" content=\"800\" \/>\n\t<meta property=\"og:image:height\" content=\"800\" \/>\n\t<meta property=\"og:image:type\" content=\"image\/jpeg\" \/>\n<meta name=\"twitter:card\" content=\"summary_large_image\" \/>\n<meta name=\"twitter:label1\" content=\"Est. tempo de leitura\" \/>\n\t<meta name=\"twitter:data1\" content=\"1 minuto\" \/>\n<script type=\"application\/ld+json\" class=\"yoast-schema-graph\">{\"@context\":\"https:\/\/schema.org\",\"@graph\":[{\"@type\":\"WebPage\",\"@id\":\"https:\/\/riffel.com.br\/2025\/produto\/caixa-de-direcao-conica-100700-cg-125-cg-125i-titan-cargo-fan-today-turuna\/\",\"url\":\"https:\/\/riffel.com.br\/2025\/produto\/caixa-de-direcao-conica-100700-cg-125-cg-125i-titan-cargo-fan-today-turuna\/\",\"name\":\"Caixa de Dire\u00e7\u00e3o C\u00f4nica - 100700 - CG 125 | Riffel\",\"isPartOf\":{\"@id\":\"https:\/\/riffel.com.br\/2025\/#website\"},\"primaryImageOfPage\":{\"@id\":\"https:\/\/riffel.com.br\/2025\/produto\/caixa-de-direcao-conica-100700-cg-125-cg-125i-titan-cargo-fan-today-turuna\/#primaryimage\"},\"image\":{\"@id\":\"https:\/\/riffel.com.br\/2025\/produto\/caixa-de-direcao-conica-100700-cg-125-cg-125i-titan-cargo-fan-today-turuna\/#primaryimage\"},\"thumbnailUrl\":\"https:\/\/riffel.com.br\/2025\/wp-content\/uploads\/2021\/05\/04-Caixa-direcao-Conica.jpg\",\"datePublished\":\"2022-05-20T13:11:05+00:00\",\"dateModified\":\"2023-09-21T09:51:41+00:00\",\"description\":\"A caixa de dire\u00e7\u00e3o c\u00f4nica para os mais diversos modelos de motos voc\u00ea encontra na Riffel! Vers\u00e3o para Honda - CG 125 \/ CG 125I TITAN \/ CARGO \/ FAN \/ TODAY \/ TURUNA KS - ES - ESD \/ FAN KS - ES \/ TITAN KS - ES - KSE - 1983 a 1999.\",\"breadcrumb\":{\"@id\":\"https:\/\/riffel.com.br\/2025\/produto\/caixa-de-direcao-conica-100700-cg-125-cg-125i-titan-cargo-fan-today-turuna\/#breadcrumb\"},\"inLanguage\":\"pt-BR\",\"potentialAction\":[{\"@type\":\"ReadAction\",\"target\":[\"https:\/\/riffel.com.br\/2025\/produto\/caixa-de-direcao-conica-100700-cg-125-cg-125i-titan-cargo-fan-today-turuna\/\"]}]},{\"@type\":\"ImageObject\",\"inLanguage\":\"pt-BR\",\"@id\":\"https:\/\/riffel.com.br\/2025\/produto\/caixa-de-direcao-conica-100700-cg-125-cg-125i-titan-cargo-fan-today-turuna\/#primaryimage\",\"url\":\"https:\/\/riffel.com.br\/2025\/wp-content\/uploads\/2021\/05\/04-Caixa-direcao-Conica.jpg\",\"contentUrl\":\"https:\/\/riffel.com.br\/2025\/wp-content\/uploads\/2021\/05\/04-Caixa-direcao-Conica.jpg\",\"width\":800,\"height\":800,\"caption\":\"Caixa de Dire\u00e7\u00e3o C\u00f4nica da Riffel\"},{\"@type\":\"BreadcrumbList\",\"@id\":\"https:\/\/riffel.com.br\/2025\/produto\/caixa-de-direcao-conica-100700-cg-125-cg-125i-titan-cargo-fan-today-turuna\/#breadcrumb\",\"itemListElement\":[{\"@type\":\"ListItem\",\"position\":1,\"name\":\"In\u00edcio\",\"item\":\"https:\/\/riffel.com.br\/2025\/\"},{\"@type\":\"ListItem\",\"position\":2,\"name\":\"Produtos\",\"item\":\"https:\/\/riffel.com.br\/2025\/loja\/\"},{\"@type\":\"ListItem\",\"position\":3,\"name\":\"Caixa de Dire\u00e7\u00e3o C\u00f4nica &#8211; 100700 &#8211; CG 125 \/ CG 125I TITAN \/ CARGO \/ FAN \/ TODAY \/ TURUNA KS &#8211; ES &#8211; ESD \/ FAN KS &#8211; ES \/ TITAN KS &#8211; ES &#8211; KSE\"}]},{\"@type\":\"WebSite\",\"@id\":\"https:\/\/riffel.com.br\/2025\/#website\",\"url\":\"https:\/\/riffel.com.br\/2025\/\",\"name\":\"Riffel\",\"description\":\"Pe\u00e7as para moto\",\"publisher\":{\"@id\":\"https:\/\/riffel.com.br\/2025\/#organization\"},\"potentialAction\":[{\"@type\":\"SearchAction\",\"target\":{\"@type\":\"EntryPoint\",\"urlTemplate\":\"https:\/\/riffel.com.br\/2025\/?s={search_term_string}\"},\"query-input\":{\"@type\":\"PropertyValueSpecification\",\"valueRequired\":true,\"valueName\":\"search_term_string\"}}],\"inLanguage\":\"pt-BR\"},{\"@type\":\"Organization\",\"@id\":\"https:\/\/riffel.com.br\/2025\/#organization\",\"name\":\"Riffel - Pe\u00e7as a Acess\u00f3rios para Motos\",\"url\":\"https:\/\/riffel.com.br\/2025\/\",\"logo\":{\"@type\":\"ImageObject\",\"inLanguage\":\"pt-BR\",\"@id\":\"https:\/\/riffel.com.br\/2025\/#\/schema\/logo\/image\/\",\"url\":\"https:\/\/riffel.com.br\/2025\/wp-content\/uploads\/2020\/11\/logo-site.png\",\"contentUrl\":\"https:\/\/riffel.com.br\/2025\/wp-content\/uploads\/2020\/11\/logo-site.png\",\"width\":300,\"height\":56,\"caption\":\"Riffel - Pe\u00e7as a Acess\u00f3rios para Motos\"},\"image\":{\"@id\":\"https:\/\/riffel.com.br\/2025\/#\/schema\/logo\/image\/\"},\"sameAs\":[\"https:\/\/www.facebook.com\/Riffel.OficialBR\/\",\"https:\/\/www.instagram.com\/riffeloficial\/\",\"https:\/\/www.linkedin.com\/company\/riffel-moto-pe-as\/\",\"https:\/\/www.youtube.com\/Riffeloficialbr\"]}]}<\/script>\n<!-- \/ Yoast SEO plugin. -->","yoast_head_json":{"title":"Caixa de Dire\u00e7\u00e3o C\u00f4nica - 100700 - CG 125 | Riffel","description":"A caixa de dire\u00e7\u00e3o c\u00f4nica para os mais diversos modelos de motos voc\u00ea encontra na Riffel! Vers\u00e3o para Honda - CG 125 \/ CG 125I TITAN \/ CARGO \/ FAN \/ TODAY \/ TURUNA KS - ES - ESD \/ FAN KS - ES \/ TITAN KS - ES - KSE - 1983 a 1999.","robots":{"index":"index","follow":"follow","max-snippet":"max-snippet:-1","max-image-preview":"max-image-preview:large","max-video-preview":"max-video-preview:-1"},"canonical":"https:\/\/riffel.com.br\/2025\/produto\/caixa-de-direcao-conica-100700-cg-125-cg-125i-titan-cargo-fan-today-turuna\/","og_locale":"pt_BR","og_type":"article","og_title":"Caixa de Dire\u00e7\u00e3o C\u00f4nica - 100700 - CG 125 | Riffel","og_description":"A caixa de dire\u00e7\u00e3o c\u00f4nica para os mais diversos modelos de motos voc\u00ea encontra na Riffel! Vers\u00e3o para Honda - CG 125 \/ CG 125I TITAN \/ CARGO \/ FAN \/ TODAY \/ TURUNA KS - ES - ESD \/ FAN KS - ES \/ TITAN KS - ES - KSE - 1983 a 1999.","og_url":"https:\/\/riffel.com.br\/2025\/produto\/caixa-de-direcao-conica-100700-cg-125-cg-125i-titan-cargo-fan-today-turuna\/","og_site_name":"Riffel","article_publisher":"https:\/\/www.facebook.com\/Riffel.OficialBR\/","article_modified_time":"2023-09-21T09:51:41+00:00","og_image":[{"width":800,"height":800,"url":"https:\/\/riffel.com.br\/2025\/wp-content\/uploads\/2021\/05\/04-Caixa-direcao-Conica.jpg","type":"image\/jpeg"}],"twitter_card":"summary_large_image","twitter_misc":{"Est. tempo de leitura":"1 minuto"},"schema":{"@context":"https:\/\/schema.org","@graph":[{"@type":"WebPage","@id":"https:\/\/riffel.com.br\/2025\/produto\/caixa-de-direcao-conica-100700-cg-125-cg-125i-titan-cargo-fan-today-turuna\/","url":"https:\/\/riffel.com.br\/2025\/produto\/caixa-de-direcao-conica-100700-cg-125-cg-125i-titan-cargo-fan-today-turuna\/","name":"Caixa de Dire\u00e7\u00e3o C\u00f4nica - 100700 - CG 125 | Riffel","isPartOf":{"@id":"https:\/\/riffel.com.br\/2025\/#website"},"primaryImageOfPage":{"@id":"https:\/\/riffel.com.br\/2025\/produto\/caixa-de-direcao-conica-100700-cg-125-cg-125i-titan-cargo-fan-today-turuna\/#primaryimage"},"image":{"@id":"https:\/\/riffel.com.br\/2025\/produto\/caixa-de-direcao-conica-100700-cg-125-cg-125i-titan-cargo-fan-today-turuna\/#primaryimage"},"thumbnailUrl":"https:\/\/riffel.com.br\/2025\/wp-content\/uploads\/2021\/05\/04-Caixa-direcao-Conica.jpg","datePublished":"2022-05-20T13:11:05+00:00","dateModified":"2023-09-21T09:51:41+00:00","description":"A caixa de dire\u00e7\u00e3o c\u00f4nica para os mais diversos modelos de motos voc\u00ea encontra na Riffel! Vers\u00e3o para Honda - CG 125 \/ CG 125I TITAN \/ CARGO \/ FAN \/ TODAY \/ TURUNA KS - ES - ESD \/ FAN KS - ES \/ TITAN KS - ES - KSE - 1983 a 1999.","breadcrumb":{"@id":"https:\/\/riffel.com.br\/2025\/produto\/caixa-de-direcao-conica-100700-cg-125-cg-125i-titan-cargo-fan-today-turuna\/#breadcrumb"},"inLanguage":"pt-BR","potentialAction":[{"@type":"ReadAction","target":["https:\/\/riffel.com.br\/2025\/produto\/caixa-de-direcao-conica-100700-cg-125-cg-125i-titan-cargo-fan-today-turuna\/"]}]},{"@type":"ImageObject","inLanguage":"pt-BR","@id":"https:\/\/riffel.com.br\/2025\/produto\/caixa-de-direcao-conica-100700-cg-125-cg-125i-titan-cargo-fan-today-turuna\/#primaryimage","url":"https:\/\/riffel.com.br\/2025\/wp-content\/uploads\/2021\/05\/04-Caixa-direcao-Conica.jpg","contentUrl":"https:\/\/riffel.com.br\/2025\/wp-content\/uploads\/2021\/05\/04-Caixa-direcao-Conica.jpg","width":800,"height":800,"caption":"Caixa de Dire\u00e7\u00e3o C\u00f4nica da Riffel"},{"@type":"BreadcrumbList","@id":"https:\/\/riffel.com.br\/2025\/produto\/caixa-de-direcao-conica-100700-cg-125-cg-125i-titan-cargo-fan-today-turuna\/#breadcrumb","itemListElement":[{"@type":"ListItem","position":1,"name":"In\u00edcio","item":"https:\/\/riffel.com.br\/2025\/"},{"@type":"ListItem","position":2,"name":"Produtos","item":"https:\/\/riffel.com.br\/2025\/loja\/"},{"@type":"ListItem","position":3,"name":"Caixa de Dire\u00e7\u00e3o C\u00f4nica &#8211; 100700 &#8211; CG 125 \/ CG 125I TITAN \/ CARGO \/ FAN \/ TODAY \/ TURUNA KS &#8211; ES &#8211; ESD \/ FAN KS &#8211; ES \/ TITAN KS &#8211; ES &#8211; KSE"}]},{"@type":"WebSite","@id":"https:\/\/riffel.com.br\/2025\/#website","url":"https:\/\/riffel.com.br\/2025\/","name":"Riffel","description":"Pe\u00e7as para moto","publisher":{"@id":"https:\/\/riffel.com.br\/2025\/#organization"},"potentialAction":[{"@type":"SearchAction","target":{"@type":"EntryPoint","urlTemplate":"https:\/\/riffel.com.br\/2025\/?s={search_term_string}"},"query-input":{"@type":"PropertyValueSpecification","valueRequired":true,"valueName":"search_term_string"}}],"inLanguage":"pt-BR"},{"@type":"Organization","@id":"https:\/\/riffel.com.br\/2025\/#organization","name":"Riffel - Pe\u00e7as a Acess\u00f3rios para Motos","url":"https:\/\/riffel.com.br\/2025\/","logo":{"@type":"ImageObject","inLanguage":"pt-BR","@id":"https:\/\/riffel.com.br\/2025\/#\/schema\/logo\/image\/","url":"https:\/\/riffel.com.br\/2025\/wp-content\/uploads\/2020\/11\/logo-site.png","contentUrl":"https:\/\/riffel.com.br\/2025\/wp-content\/uploads\/2020\/11\/logo-site.png","width":300,"height":56,"caption":"Riffel - Pe\u00e7as a Acess\u00f3rios para Motos"},"image":{"@id":"https:\/\/riffel.com.br\/2025\/#\/schema\/logo\/image\/"},"sameAs":["https:\/\/www.facebook.com\/Riffel.OficialBR\/","https:\/\/www.instagram.com\/riffeloficial\/","https:\/\/www.linkedin.com\/company\/riffel-moto-pe-as\/","https:\/\/www.youtube.com\/Riffeloficialbr"]}]}},"_links":{"self":[{"href":"https:\/\/riffel.com.br\/2025\/wp-json\/wp\/v2\/product\/4724","targetHints":{"allow":["GET"]}}],"collection":[{"href":"https:\/\/riffel.com.br\/2025\/wp-json\/wp\/v2\/product"}],"about":[{"href":"https:\/\/riffel.com.br\/2025\/wp-json\/wp\/v2\/types\/product"}],"version-history":[{"count":0,"href":"https:\/\/riffel.com.br\/2025\/wp-json\/wp\/v2\/product\/4724\/revisions"}],"wp:featuredmedia":[{"embeddable":true,"href":"https:\/\/riffel.com.br\/2025\/wp-json\/wp\/v2\/media\/3602"}],"wp:attachment":[{"href":"https:\/\/riffel.com.br\/2025\/wp-json\/wp\/v2\/media?parent=4724"}],"wp:term":[{"taxonomy":"product_brand","embeddable":true,"href":"https:\/\/riffel.com.br\/2025\/wp-json\/wp\/v2\/product_brand?post=4724"},{"taxonomy":"product_cat","embeddable":true,"href":"https:\/\/riffel.com.br\/2025\/wp-json\/wp\/v2\/product_cat?post=4724"},{"taxonomy":"product_tag","embeddable":true,"href":"https:\/\/riffel.com.br\/2025\/wp-json\/wp\/v2\/product_tag?post=4724"}],"curies":[{"name":"wp","href":"https:\/\/api.w.org\/{rel}","templated":true}]}}