{"id":15320,"date":"2025-10-07T12:58:26","date_gmt":"2025-10-07T15:58:26","guid":{"rendered":"https:\/\/riffel.com.br\/2025\/?post_type=product&#038;p=15320"},"modified":"2025-10-07T13:03:15","modified_gmt":"2025-10-07T16:03:15","slug":"kit-com-corrente-oring-top-91806-classic-350-chrome-dark","status":"publish","type":"product","link":"https:\/\/riffel.com.br\/2025\/produto\/kit-com-corrente-oring-top-91806-classic-350-chrome-dark\/","title":{"rendered":"Kit Com Corrente O&#8217;ring &#8211; TOP &#8211; 91806 &#8211; CLASSIC 350 [CHROME\/DARK]"},"content":{"rendered":"<h2>Qualidade e Durabilidade<\/h2>\n<p>O t\u00e3o desejado Kit Top \u00e9 produzido em a\u00e7o 1045 Riffel, oferecendo qualidade e rendimento muito superior ao exigido pelo INMETRO. Possui corrente com retentor (O\u2019RING), que garante uma maior durabilidade do conjunto. \u00c9 indicado para motociclistas que rodam bastante todos os dias.<\/p>\n","protected":false},"excerpt":{"rendered":"<p>Qualidade e Durabilidade O t\u00e3o desejado Kit Top \u00e9 produzido em a\u00e7o 1045 Riffel, oferecendo qualidade e rendimento muito superior ao exigido pelo INMETRO. Possui corrente com retentor (O\u2019RING), que garante uma maior durabilidade do conjunto. \u00c9 indicado para motociclistas que rodam bastante todos os dias.<\/p>\n","protected":false},"featured_media":560,"template":"","meta":[],"product_brand":[],"product_cat":[248],"product_tag":[],"class_list":{"0":"post-15320","1":"product","2":"type-product","3":"status-publish","4":"has-post-thumbnail","6":"product_cat-kit-top","7":"pa_codigo-1341","9":"first","10":"instock","11":"shipping-taxable","12":"product-type-simple"},"yoast_head":"<!-- This site is optimized with the Yoast SEO plugin v26.2 - https:\/\/yoast.com\/wordpress\/plugins\/seo\/ -->\n<title>Kit Com Corrente O&#039;ring - TOP - 91806 - CLASSIC 350 [CHROME\/DARK]<\/title>\n<meta name=\"description\" content=\"O Kit Top com corrente O\u2019ring para os mais diversos modelos de motos voc\u00ea encontra na Riffel! Vers\u00e3o para ROYAL ENFIELD CLASSIC 350 [CHROME\/DARK] - 2023 a 2025.\" \/>\n<meta name=\"robots\" content=\"index, follow, max-snippet:-1, max-image-preview:large, max-video-preview:-1\" \/>\n<link rel=\"canonical\" href=\"https:\/\/riffel.com.br\/2025\/produto\/kit-com-corrente-oring-top-91806-classic-350-chrome-dark\/\" \/>\n<meta property=\"og:locale\" content=\"pt_BR\" \/>\n<meta property=\"og:type\" content=\"article\" \/>\n<meta property=\"og:title\" content=\"Kit Com Corrente O&#039;ring - TOP - 91806 - CLASSIC 350 [CHROME\/DARK]\" \/>\n<meta property=\"og:description\" content=\"O Kit Top com corrente O\u2019ring para os mais diversos modelos de motos voc\u00ea encontra na Riffel! Vers\u00e3o para ROYAL ENFIELD CLASSIC 350 [CHROME\/DARK] - 2023 a 2025.\" \/>\n<meta property=\"og:url\" content=\"https:\/\/riffel.com.br\/2025\/produto\/kit-com-corrente-oring-top-91806-classic-350-chrome-dark\/\" \/>\n<meta property=\"og:site_name\" content=\"Riffel\" \/>\n<meta property=\"article:publisher\" content=\"https:\/\/www.facebook.com\/Riffel.OficialBR\/\" \/>\n<meta property=\"article:modified_time\" content=\"2025-10-07T16:03:15+00:00\" \/>\n<meta property=\"og:image\" content=\"https:\/\/riffel.com.br\/2025\/wp-content\/uploads\/2020\/12\/06-Kit-Top.jpg\" \/>\n\t<meta property=\"og:image:width\" content=\"800\" \/>\n\t<meta property=\"og:image:height\" content=\"800\" \/>\n\t<meta property=\"og:image:type\" content=\"image\/jpeg\" \/>\n<meta name=\"twitter:card\" content=\"summary_large_image\" \/>\n<meta name=\"twitter:label1\" content=\"Est. tempo de leitura\" \/>\n\t<meta name=\"twitter:data1\" content=\"1 minuto\" \/>\n<script type=\"application\/ld+json\" class=\"yoast-schema-graph\">{\"@context\":\"https:\/\/schema.org\",\"@graph\":[{\"@type\":\"WebPage\",\"@id\":\"https:\/\/riffel.com.br\/2025\/produto\/kit-com-corrente-oring-top-91806-classic-350-chrome-dark\/\",\"url\":\"https:\/\/riffel.com.br\/2025\/produto\/kit-com-corrente-oring-top-91806-classic-350-chrome-dark\/\",\"name\":\"Kit Com Corrente O'ring - TOP - 91806 - CLASSIC 350 [CHROME\/DARK]\",\"isPartOf\":{\"@id\":\"https:\/\/riffel.com.br\/2025\/#website\"},\"primaryImageOfPage\":{\"@id\":\"https:\/\/riffel.com.br\/2025\/produto\/kit-com-corrente-oring-top-91806-classic-350-chrome-dark\/#primaryimage\"},\"image\":{\"@id\":\"https:\/\/riffel.com.br\/2025\/produto\/kit-com-corrente-oring-top-91806-classic-350-chrome-dark\/#primaryimage\"},\"thumbnailUrl\":\"https:\/\/riffel.com.br\/2025\/wp-content\/uploads\/2020\/12\/06-Kit-Top.jpg\",\"datePublished\":\"2025-10-07T15:58:26+00:00\",\"dateModified\":\"2025-10-07T16:03:15+00:00\",\"description\":\"O Kit Top com corrente O\u2019ring para os mais diversos modelos de motos voc\u00ea encontra na Riffel! Vers\u00e3o para ROYAL ENFIELD CLASSIC 350 [CHROME\/DARK] - 2023 a 2025.\",\"breadcrumb\":{\"@id\":\"https:\/\/riffel.com.br\/2025\/produto\/kit-com-corrente-oring-top-91806-classic-350-chrome-dark\/#breadcrumb\"},\"inLanguage\":\"pt-BR\",\"potentialAction\":[{\"@type\":\"ReadAction\",\"target\":[\"https:\/\/riffel.com.br\/2025\/produto\/kit-com-corrente-oring-top-91806-classic-350-chrome-dark\/\"]}]},{\"@type\":\"ImageObject\",\"inLanguage\":\"pt-BR\",\"@id\":\"https:\/\/riffel.com.br\/2025\/produto\/kit-com-corrente-oring-top-91806-classic-350-chrome-dark\/#primaryimage\",\"url\":\"https:\/\/riffel.com.br\/2025\/wp-content\/uploads\/2020\/12\/06-Kit-Top.jpg\",\"contentUrl\":\"https:\/\/riffel.com.br\/2025\/wp-content\/uploads\/2020\/12\/06-Kit-Top.jpg\",\"width\":800,\"height\":800,\"caption\":\"Kit Top da Riffel\"},{\"@type\":\"BreadcrumbList\",\"@id\":\"https:\/\/riffel.com.br\/2025\/produto\/kit-com-corrente-oring-top-91806-classic-350-chrome-dark\/#breadcrumb\",\"itemListElement\":[{\"@type\":\"ListItem\",\"position\":1,\"name\":\"In\u00edcio\",\"item\":\"https:\/\/riffel.com.br\/2025\/\"},{\"@type\":\"ListItem\",\"position\":2,\"name\":\"Produtos\",\"item\":\"https:\/\/riffel.com.br\/2025\/loja\/\"},{\"@type\":\"ListItem\",\"position\":3,\"name\":\"Kit Com Corrente O&#8217;ring &#8211; TOP &#8211; 91806 &#8211; CLASSIC 350 [CHROME\/DARK]\"}]},{\"@type\":\"WebSite\",\"@id\":\"https:\/\/riffel.com.br\/2025\/#website\",\"url\":\"https:\/\/riffel.com.br\/2025\/\",\"name\":\"Riffel\",\"description\":\"Pe\u00e7as para moto\",\"publisher\":{\"@id\":\"https:\/\/riffel.com.br\/2025\/#organization\"},\"potentialAction\":[{\"@type\":\"SearchAction\",\"target\":{\"@type\":\"EntryPoint\",\"urlTemplate\":\"https:\/\/riffel.com.br\/2025\/?s={search_term_string}\"},\"query-input\":{\"@type\":\"PropertyValueSpecification\",\"valueRequired\":true,\"valueName\":\"search_term_string\"}}],\"inLanguage\":\"pt-BR\"},{\"@type\":\"Organization\",\"@id\":\"https:\/\/riffel.com.br\/2025\/#organization\",\"name\":\"Riffel - Pe\u00e7as a Acess\u00f3rios para Motos\",\"url\":\"https:\/\/riffel.com.br\/2025\/\",\"logo\":{\"@type\":\"ImageObject\",\"inLanguage\":\"pt-BR\",\"@id\":\"https:\/\/riffel.com.br\/2025\/#\/schema\/logo\/image\/\",\"url\":\"https:\/\/riffel.com.br\/2025\/wp-content\/uploads\/2020\/11\/logo-site.png\",\"contentUrl\":\"https:\/\/riffel.com.br\/2025\/wp-content\/uploads\/2020\/11\/logo-site.png\",\"width\":300,\"height\":56,\"caption\":\"Riffel - Pe\u00e7as a Acess\u00f3rios para Motos\"},\"image\":{\"@id\":\"https:\/\/riffel.com.br\/2025\/#\/schema\/logo\/image\/\"},\"sameAs\":[\"https:\/\/www.facebook.com\/Riffel.OficialBR\/\",\"https:\/\/www.instagram.com\/riffeloficial\/\",\"https:\/\/www.linkedin.com\/company\/riffel-moto-pe-as\/\",\"https:\/\/www.youtube.com\/Riffeloficialbr\"]}]}<\/script>\n<!-- \/ Yoast SEO plugin. -->","yoast_head_json":{"title":"Kit Com Corrente O'ring - TOP - 91806 - CLASSIC 350 [CHROME\/DARK]","description":"O Kit Top com corrente O\u2019ring para os mais diversos modelos de motos voc\u00ea encontra na Riffel! Vers\u00e3o para ROYAL ENFIELD CLASSIC 350 [CHROME\/DARK] - 2023 a 2025.","robots":{"index":"index","follow":"follow","max-snippet":"max-snippet:-1","max-image-preview":"max-image-preview:large","max-video-preview":"max-video-preview:-1"},"canonical":"https:\/\/riffel.com.br\/2025\/produto\/kit-com-corrente-oring-top-91806-classic-350-chrome-dark\/","og_locale":"pt_BR","og_type":"article","og_title":"Kit Com Corrente O'ring - TOP - 91806 - CLASSIC 350 [CHROME\/DARK]","og_description":"O Kit Top com corrente O\u2019ring para os mais diversos modelos de motos voc\u00ea encontra na Riffel! Vers\u00e3o para ROYAL ENFIELD CLASSIC 350 [CHROME\/DARK] - 2023 a 2025.","og_url":"https:\/\/riffel.com.br\/2025\/produto\/kit-com-corrente-oring-top-91806-classic-350-chrome-dark\/","og_site_name":"Riffel","article_publisher":"https:\/\/www.facebook.com\/Riffel.OficialBR\/","article_modified_time":"2025-10-07T16:03:15+00:00","og_image":[{"width":800,"height":800,"url":"https:\/\/riffel.com.br\/2025\/wp-content\/uploads\/2020\/12\/06-Kit-Top.jpg","type":"image\/jpeg"}],"twitter_card":"summary_large_image","twitter_misc":{"Est. tempo de leitura":"1 minuto"},"schema":{"@context":"https:\/\/schema.org","@graph":[{"@type":"WebPage","@id":"https:\/\/riffel.com.br\/2025\/produto\/kit-com-corrente-oring-top-91806-classic-350-chrome-dark\/","url":"https:\/\/riffel.com.br\/2025\/produto\/kit-com-corrente-oring-top-91806-classic-350-chrome-dark\/","name":"Kit Com Corrente O'ring - TOP - 91806 - CLASSIC 350 [CHROME\/DARK]","isPartOf":{"@id":"https:\/\/riffel.com.br\/2025\/#website"},"primaryImageOfPage":{"@id":"https:\/\/riffel.com.br\/2025\/produto\/kit-com-corrente-oring-top-91806-classic-350-chrome-dark\/#primaryimage"},"image":{"@id":"https:\/\/riffel.com.br\/2025\/produto\/kit-com-corrente-oring-top-91806-classic-350-chrome-dark\/#primaryimage"},"thumbnailUrl":"https:\/\/riffel.com.br\/2025\/wp-content\/uploads\/2020\/12\/06-Kit-Top.jpg","datePublished":"2025-10-07T15:58:26+00:00","dateModified":"2025-10-07T16:03:15+00:00","description":"O Kit Top com corrente O\u2019ring para os mais diversos modelos de motos voc\u00ea encontra na Riffel! Vers\u00e3o para ROYAL ENFIELD CLASSIC 350 [CHROME\/DARK] - 2023 a 2025.","breadcrumb":{"@id":"https:\/\/riffel.com.br\/2025\/produto\/kit-com-corrente-oring-top-91806-classic-350-chrome-dark\/#breadcrumb"},"inLanguage":"pt-BR","potentialAction":[{"@type":"ReadAction","target":["https:\/\/riffel.com.br\/2025\/produto\/kit-com-corrente-oring-top-91806-classic-350-chrome-dark\/"]}]},{"@type":"ImageObject","inLanguage":"pt-BR","@id":"https:\/\/riffel.com.br\/2025\/produto\/kit-com-corrente-oring-top-91806-classic-350-chrome-dark\/#primaryimage","url":"https:\/\/riffel.com.br\/2025\/wp-content\/uploads\/2020\/12\/06-Kit-Top.jpg","contentUrl":"https:\/\/riffel.com.br\/2025\/wp-content\/uploads\/2020\/12\/06-Kit-Top.jpg","width":800,"height":800,"caption":"Kit Top da Riffel"},{"@type":"BreadcrumbList","@id":"https:\/\/riffel.com.br\/2025\/produto\/kit-com-corrente-oring-top-91806-classic-350-chrome-dark\/#breadcrumb","itemListElement":[{"@type":"ListItem","position":1,"name":"In\u00edcio","item":"https:\/\/riffel.com.br\/2025\/"},{"@type":"ListItem","position":2,"name":"Produtos","item":"https:\/\/riffel.com.br\/2025\/loja\/"},{"@type":"ListItem","position":3,"name":"Kit Com Corrente O&#8217;ring &#8211; TOP &#8211; 91806 &#8211; CLASSIC 350 [CHROME\/DARK]"}]},{"@type":"WebSite","@id":"https:\/\/riffel.com.br\/2025\/#website","url":"https:\/\/riffel.com.br\/2025\/","name":"Riffel","description":"Pe\u00e7as para moto","publisher":{"@id":"https:\/\/riffel.com.br\/2025\/#organization"},"potentialAction":[{"@type":"SearchAction","target":{"@type":"EntryPoint","urlTemplate":"https:\/\/riffel.com.br\/2025\/?s={search_term_string}"},"query-input":{"@type":"PropertyValueSpecification","valueRequired":true,"valueName":"search_term_string"}}],"inLanguage":"pt-BR"},{"@type":"Organization","@id":"https:\/\/riffel.com.br\/2025\/#organization","name":"Riffel - Pe\u00e7as a Acess\u00f3rios para Motos","url":"https:\/\/riffel.com.br\/2025\/","logo":{"@type":"ImageObject","inLanguage":"pt-BR","@id":"https:\/\/riffel.com.br\/2025\/#\/schema\/logo\/image\/","url":"https:\/\/riffel.com.br\/2025\/wp-content\/uploads\/2020\/11\/logo-site.png","contentUrl":"https:\/\/riffel.com.br\/2025\/wp-content\/uploads\/2020\/11\/logo-site.png","width":300,"height":56,"caption":"Riffel - Pe\u00e7as a Acess\u00f3rios para Motos"},"image":{"@id":"https:\/\/riffel.com.br\/2025\/#\/schema\/logo\/image\/"},"sameAs":["https:\/\/www.facebook.com\/Riffel.OficialBR\/","https:\/\/www.instagram.com\/riffeloficial\/","https:\/\/www.linkedin.com\/company\/riffel-moto-pe-as\/","https:\/\/www.youtube.com\/Riffeloficialbr"]}]}},"_links":{"self":[{"href":"https:\/\/riffel.com.br\/2025\/wp-json\/wp\/v2\/product\/15320","targetHints":{"allow":["GET"]}}],"collection":[{"href":"https:\/\/riffel.com.br\/2025\/wp-json\/wp\/v2\/product"}],"about":[{"href":"https:\/\/riffel.com.br\/2025\/wp-json\/wp\/v2\/types\/product"}],"version-history":[{"count":1,"href":"https:\/\/riffel.com.br\/2025\/wp-json\/wp\/v2\/product\/15320\/revisions"}],"predecessor-version":[{"id":15321,"href":"https:\/\/riffel.com.br\/2025\/wp-json\/wp\/v2\/product\/15320\/revisions\/15321"}],"wp:featuredmedia":[{"embeddable":true,"href":"https:\/\/riffel.com.br\/2025\/wp-json\/wp\/v2\/media\/560"}],"wp:attachment":[{"href":"https:\/\/riffel.com.br\/2025\/wp-json\/wp\/v2\/media?parent=15320"}],"wp:term":[{"taxonomy":"product_brand","embeddable":true,"href":"https:\/\/riffel.com.br\/2025\/wp-json\/wp\/v2\/product_brand?post=15320"},{"taxonomy":"product_cat","embeddable":true,"href":"https:\/\/riffel.com.br\/2025\/wp-json\/wp\/v2\/product_cat?post=15320"},{"taxonomy":"product_tag","embeddable":true,"href":"https:\/\/riffel.com.br\/2025\/wp-json\/wp\/v2\/product_tag?post=15320"}],"curies":[{"name":"wp","href":"https:\/\/api.w.org\/{rel}","templated":true}]}}