{"id":12360,"date":"2025-02-20T16:15:55","date_gmt":"2025-02-20T19:15:55","guid":{"rendered":"https:\/\/riffel.com.br\/2025\/?post_type=product&#038;p=12360"},"modified":"2025-02-20T16:18:32","modified_gmt":"2025-02-20T19:18:32","slug":"caixa-de-direcao-conica-100703-fazer-fz15","status":"publish","type":"product","link":"https:\/\/riffel.com.br\/2025\/produto\/caixa-de-direcao-conica-100703-fazer-fz15\/","title":{"rendered":"Caixa de Dire\u00e7\u00e3o C\u00f4nica &#8211; 100703 &#8211; FAZER FZ15"},"content":{"rendered":"<h2>Resist\u00eancia com desempenho e suavidade na pilotagem.<\/h2>\n<p>Criada especialmente para oferecer o padr\u00e3o montadora, a Riffel traz esse modelo \u00fanico: a caixa de dire\u00e7\u00e3o combinada. Proporciona ao motociclista o m\u00e1ximo de resist\u00eancia com desempenho e suavidade na pilotagem, mantendo a configura\u00e7\u00e3o de f\u00e1brica.<\/p>\n","protected":false},"excerpt":{"rendered":"<p>Resist\u00eancia com desempenho e suavidade na pilotagem. Criada especialmente para oferecer o padr\u00e3o montadora, a Riffel traz esse modelo \u00fanico: a caixa de dire\u00e7\u00e3o combinada. Proporciona ao motociclista o m\u00e1ximo de resist\u00eancia com desempenho e suavidade na pilotagem, mantendo a configura\u00e7\u00e3o de f\u00e1brica.<\/p>\n","protected":false},"featured_media":6949,"template":"","meta":[],"product_brand":[],"product_cat":[609],"product_tag":[],"class_list":{"0":"post-12360","1":"product","2":"type-product","3":"status-publish","4":"has-post-thumbnail","6":"product_cat-caixa-de-direcao-conica","7":"pa_codigo-741","9":"first","10":"instock","11":"shipping-taxable","12":"product-type-simple"},"yoast_head":"<!-- This site is optimized with the Yoast SEO plugin v26.2 - https:\/\/yoast.com\/wordpress\/plugins\/seo\/ -->\n<title>Caixa de Dire\u00e7\u00e3o C\u00f4nica - 100703 - FAZER FZ15<\/title>\n<meta name=\"description\" content=\"A caixa de dire\u00e7\u00e3o c\u00f4nica para os mais diversos modelos de motos voc\u00ea encontra na Riffel! Vers\u00e3o para YAMAHA - FAZER FZ15 - 2022 a 2025.\" \/>\n<meta name=\"robots\" content=\"index, follow, max-snippet:-1, max-image-preview:large, max-video-preview:-1\" \/>\n<link rel=\"canonical\" href=\"https:\/\/riffel.com.br\/2025\/produto\/caixa-de-direcao-conica-100703-fazer-fz15\/\" \/>\n<meta property=\"og:locale\" content=\"pt_BR\" \/>\n<meta property=\"og:type\" content=\"article\" \/>\n<meta property=\"og:title\" content=\"Caixa de Dire\u00e7\u00e3o C\u00f4nica - 100703 - FAZER FZ15\" \/>\n<meta property=\"og:description\" content=\"A caixa de dire\u00e7\u00e3o c\u00f4nica para os mais diversos modelos de motos voc\u00ea encontra na Riffel! Vers\u00e3o para YAMAHA - FAZER FZ15 - 2022 a 2025.\" \/>\n<meta property=\"og:url\" content=\"https:\/\/riffel.com.br\/2025\/produto\/caixa-de-direcao-conica-100703-fazer-fz15\/\" \/>\n<meta property=\"og:site_name\" content=\"Riffel\" \/>\n<meta property=\"article:publisher\" content=\"https:\/\/www.facebook.com\/Riffel.OficialBR\/\" \/>\n<meta property=\"article:modified_time\" content=\"2025-02-20T19:18:32+00:00\" \/>\n<meta property=\"og:image\" content=\"https:\/\/riffel.com.br\/2025\/wp-content\/uploads\/2022\/12\/direcao-conica.jpeg\" \/>\n\t<meta property=\"og:image:width\" content=\"800\" \/>\n\t<meta property=\"og:image:height\" content=\"800\" \/>\n\t<meta property=\"og:image:type\" content=\"image\/jpeg\" \/>\n<meta name=\"twitter:card\" content=\"summary_large_image\" \/>\n<meta name=\"twitter:label1\" content=\"Est. tempo de leitura\" \/>\n\t<meta name=\"twitter:data1\" content=\"1 minuto\" \/>\n<script type=\"application\/ld+json\" class=\"yoast-schema-graph\">{\"@context\":\"https:\/\/schema.org\",\"@graph\":[{\"@type\":\"WebPage\",\"@id\":\"https:\/\/riffel.com.br\/2025\/produto\/caixa-de-direcao-conica-100703-fazer-fz15\/\",\"url\":\"https:\/\/riffel.com.br\/2025\/produto\/caixa-de-direcao-conica-100703-fazer-fz15\/\",\"name\":\"Caixa de Dire\u00e7\u00e3o C\u00f4nica - 100703 - FAZER FZ15\",\"isPartOf\":{\"@id\":\"https:\/\/riffel.com.br\/2025\/#website\"},\"primaryImageOfPage\":{\"@id\":\"https:\/\/riffel.com.br\/2025\/produto\/caixa-de-direcao-conica-100703-fazer-fz15\/#primaryimage\"},\"image\":{\"@id\":\"https:\/\/riffel.com.br\/2025\/produto\/caixa-de-direcao-conica-100703-fazer-fz15\/#primaryimage\"},\"thumbnailUrl\":\"https:\/\/riffel.com.br\/2025\/wp-content\/uploads\/2022\/12\/direcao-conica.jpeg\",\"datePublished\":\"2025-02-20T19:15:55+00:00\",\"dateModified\":\"2025-02-20T19:18:32+00:00\",\"description\":\"A caixa de dire\u00e7\u00e3o c\u00f4nica para os mais diversos modelos de motos voc\u00ea encontra na Riffel! Vers\u00e3o para YAMAHA - FAZER FZ15 - 2022 a 2025.\",\"breadcrumb\":{\"@id\":\"https:\/\/riffel.com.br\/2025\/produto\/caixa-de-direcao-conica-100703-fazer-fz15\/#breadcrumb\"},\"inLanguage\":\"pt-BR\",\"potentialAction\":[{\"@type\":\"ReadAction\",\"target\":[\"https:\/\/riffel.com.br\/2025\/produto\/caixa-de-direcao-conica-100703-fazer-fz15\/\"]}]},{\"@type\":\"ImageObject\",\"inLanguage\":\"pt-BR\",\"@id\":\"https:\/\/riffel.com.br\/2025\/produto\/caixa-de-direcao-conica-100703-fazer-fz15\/#primaryimage\",\"url\":\"https:\/\/riffel.com.br\/2025\/wp-content\/uploads\/2022\/12\/direcao-conica.jpeg\",\"contentUrl\":\"https:\/\/riffel.com.br\/2025\/wp-content\/uploads\/2022\/12\/direcao-conica.jpeg\",\"width\":800,\"height\":800},{\"@type\":\"BreadcrumbList\",\"@id\":\"https:\/\/riffel.com.br\/2025\/produto\/caixa-de-direcao-conica-100703-fazer-fz15\/#breadcrumb\",\"itemListElement\":[{\"@type\":\"ListItem\",\"position\":1,\"name\":\"In\u00edcio\",\"item\":\"https:\/\/riffel.com.br\/2025\/\"},{\"@type\":\"ListItem\",\"position\":2,\"name\":\"Produtos\",\"item\":\"https:\/\/riffel.com.br\/2025\/loja\/\"},{\"@type\":\"ListItem\",\"position\":3,\"name\":\"Caixa de Dire\u00e7\u00e3o C\u00f4nica &#8211; 100703 &#8211; FAZER FZ15\"}]},{\"@type\":\"WebSite\",\"@id\":\"https:\/\/riffel.com.br\/2025\/#website\",\"url\":\"https:\/\/riffel.com.br\/2025\/\",\"name\":\"Riffel\",\"description\":\"Pe\u00e7as para moto\",\"publisher\":{\"@id\":\"https:\/\/riffel.com.br\/2025\/#organization\"},\"potentialAction\":[{\"@type\":\"SearchAction\",\"target\":{\"@type\":\"EntryPoint\",\"urlTemplate\":\"https:\/\/riffel.com.br\/2025\/?s={search_term_string}\"},\"query-input\":{\"@type\":\"PropertyValueSpecification\",\"valueRequired\":true,\"valueName\":\"search_term_string\"}}],\"inLanguage\":\"pt-BR\"},{\"@type\":\"Organization\",\"@id\":\"https:\/\/riffel.com.br\/2025\/#organization\",\"name\":\"Riffel - Pe\u00e7as a Acess\u00f3rios para Motos\",\"url\":\"https:\/\/riffel.com.br\/2025\/\",\"logo\":{\"@type\":\"ImageObject\",\"inLanguage\":\"pt-BR\",\"@id\":\"https:\/\/riffel.com.br\/2025\/#\/schema\/logo\/image\/\",\"url\":\"https:\/\/riffel.com.br\/2025\/wp-content\/uploads\/2020\/11\/logo-site.png\",\"contentUrl\":\"https:\/\/riffel.com.br\/2025\/wp-content\/uploads\/2020\/11\/logo-site.png\",\"width\":300,\"height\":56,\"caption\":\"Riffel - Pe\u00e7as a Acess\u00f3rios para Motos\"},\"image\":{\"@id\":\"https:\/\/riffel.com.br\/2025\/#\/schema\/logo\/image\/\"},\"sameAs\":[\"https:\/\/www.facebook.com\/Riffel.OficialBR\/\",\"https:\/\/www.instagram.com\/riffeloficial\/\",\"https:\/\/www.linkedin.com\/company\/riffel-moto-pe-as\/\",\"https:\/\/www.youtube.com\/Riffeloficialbr\"]}]}<\/script>\n<!-- \/ Yoast SEO plugin. -->","yoast_head_json":{"title":"Caixa de Dire\u00e7\u00e3o C\u00f4nica - 100703 - FAZER FZ15","description":"A caixa de dire\u00e7\u00e3o c\u00f4nica para os mais diversos modelos de motos voc\u00ea encontra na Riffel! Vers\u00e3o para YAMAHA - FAZER FZ15 - 2022 a 2025.","robots":{"index":"index","follow":"follow","max-snippet":"max-snippet:-1","max-image-preview":"max-image-preview:large","max-video-preview":"max-video-preview:-1"},"canonical":"https:\/\/riffel.com.br\/2025\/produto\/caixa-de-direcao-conica-100703-fazer-fz15\/","og_locale":"pt_BR","og_type":"article","og_title":"Caixa de Dire\u00e7\u00e3o C\u00f4nica - 100703 - FAZER FZ15","og_description":"A caixa de dire\u00e7\u00e3o c\u00f4nica para os mais diversos modelos de motos voc\u00ea encontra na Riffel! Vers\u00e3o para YAMAHA - FAZER FZ15 - 2022 a 2025.","og_url":"https:\/\/riffel.com.br\/2025\/produto\/caixa-de-direcao-conica-100703-fazer-fz15\/","og_site_name":"Riffel","article_publisher":"https:\/\/www.facebook.com\/Riffel.OficialBR\/","article_modified_time":"2025-02-20T19:18:32+00:00","og_image":[{"width":800,"height":800,"url":"https:\/\/riffel.com.br\/2025\/wp-content\/uploads\/2022\/12\/direcao-conica.jpeg","type":"image\/jpeg"}],"twitter_card":"summary_large_image","twitter_misc":{"Est. tempo de leitura":"1 minuto"},"schema":{"@context":"https:\/\/schema.org","@graph":[{"@type":"WebPage","@id":"https:\/\/riffel.com.br\/2025\/produto\/caixa-de-direcao-conica-100703-fazer-fz15\/","url":"https:\/\/riffel.com.br\/2025\/produto\/caixa-de-direcao-conica-100703-fazer-fz15\/","name":"Caixa de Dire\u00e7\u00e3o C\u00f4nica - 100703 - FAZER FZ15","isPartOf":{"@id":"https:\/\/riffel.com.br\/2025\/#website"},"primaryImageOfPage":{"@id":"https:\/\/riffel.com.br\/2025\/produto\/caixa-de-direcao-conica-100703-fazer-fz15\/#primaryimage"},"image":{"@id":"https:\/\/riffel.com.br\/2025\/produto\/caixa-de-direcao-conica-100703-fazer-fz15\/#primaryimage"},"thumbnailUrl":"https:\/\/riffel.com.br\/2025\/wp-content\/uploads\/2022\/12\/direcao-conica.jpeg","datePublished":"2025-02-20T19:15:55+00:00","dateModified":"2025-02-20T19:18:32+00:00","description":"A caixa de dire\u00e7\u00e3o c\u00f4nica para os mais diversos modelos de motos voc\u00ea encontra na Riffel! Vers\u00e3o para YAMAHA - FAZER FZ15 - 2022 a 2025.","breadcrumb":{"@id":"https:\/\/riffel.com.br\/2025\/produto\/caixa-de-direcao-conica-100703-fazer-fz15\/#breadcrumb"},"inLanguage":"pt-BR","potentialAction":[{"@type":"ReadAction","target":["https:\/\/riffel.com.br\/2025\/produto\/caixa-de-direcao-conica-100703-fazer-fz15\/"]}]},{"@type":"ImageObject","inLanguage":"pt-BR","@id":"https:\/\/riffel.com.br\/2025\/produto\/caixa-de-direcao-conica-100703-fazer-fz15\/#primaryimage","url":"https:\/\/riffel.com.br\/2025\/wp-content\/uploads\/2022\/12\/direcao-conica.jpeg","contentUrl":"https:\/\/riffel.com.br\/2025\/wp-content\/uploads\/2022\/12\/direcao-conica.jpeg","width":800,"height":800},{"@type":"BreadcrumbList","@id":"https:\/\/riffel.com.br\/2025\/produto\/caixa-de-direcao-conica-100703-fazer-fz15\/#breadcrumb","itemListElement":[{"@type":"ListItem","position":1,"name":"In\u00edcio","item":"https:\/\/riffel.com.br\/2025\/"},{"@type":"ListItem","position":2,"name":"Produtos","item":"https:\/\/riffel.com.br\/2025\/loja\/"},{"@type":"ListItem","position":3,"name":"Caixa de Dire\u00e7\u00e3o C\u00f4nica &#8211; 100703 &#8211; FAZER FZ15"}]},{"@type":"WebSite","@id":"https:\/\/riffel.com.br\/2025\/#website","url":"https:\/\/riffel.com.br\/2025\/","name":"Riffel","description":"Pe\u00e7as para moto","publisher":{"@id":"https:\/\/riffel.com.br\/2025\/#organization"},"potentialAction":[{"@type":"SearchAction","target":{"@type":"EntryPoint","urlTemplate":"https:\/\/riffel.com.br\/2025\/?s={search_term_string}"},"query-input":{"@type":"PropertyValueSpecification","valueRequired":true,"valueName":"search_term_string"}}],"inLanguage":"pt-BR"},{"@type":"Organization","@id":"https:\/\/riffel.com.br\/2025\/#organization","name":"Riffel - Pe\u00e7as a Acess\u00f3rios para Motos","url":"https:\/\/riffel.com.br\/2025\/","logo":{"@type":"ImageObject","inLanguage":"pt-BR","@id":"https:\/\/riffel.com.br\/2025\/#\/schema\/logo\/image\/","url":"https:\/\/riffel.com.br\/2025\/wp-content\/uploads\/2020\/11\/logo-site.png","contentUrl":"https:\/\/riffel.com.br\/2025\/wp-content\/uploads\/2020\/11\/logo-site.png","width":300,"height":56,"caption":"Riffel - Pe\u00e7as a Acess\u00f3rios para Motos"},"image":{"@id":"https:\/\/riffel.com.br\/2025\/#\/schema\/logo\/image\/"},"sameAs":["https:\/\/www.facebook.com\/Riffel.OficialBR\/","https:\/\/www.instagram.com\/riffeloficial\/","https:\/\/www.linkedin.com\/company\/riffel-moto-pe-as\/","https:\/\/www.youtube.com\/Riffeloficialbr"]}]}},"_links":{"self":[{"href":"https:\/\/riffel.com.br\/2025\/wp-json\/wp\/v2\/product\/12360","targetHints":{"allow":["GET"]}}],"collection":[{"href":"https:\/\/riffel.com.br\/2025\/wp-json\/wp\/v2\/product"}],"about":[{"href":"https:\/\/riffel.com.br\/2025\/wp-json\/wp\/v2\/types\/product"}],"version-history":[{"count":2,"href":"https:\/\/riffel.com.br\/2025\/wp-json\/wp\/v2\/product\/12360\/revisions"}],"predecessor-version":[{"id":12362,"href":"https:\/\/riffel.com.br\/2025\/wp-json\/wp\/v2\/product\/12360\/revisions\/12362"}],"wp:featuredmedia":[{"embeddable":true,"href":"https:\/\/riffel.com.br\/2025\/wp-json\/wp\/v2\/media\/6949"}],"wp:attachment":[{"href":"https:\/\/riffel.com.br\/2025\/wp-json\/wp\/v2\/media?parent=12360"}],"wp:term":[{"taxonomy":"product_brand","embeddable":true,"href":"https:\/\/riffel.com.br\/2025\/wp-json\/wp\/v2\/product_brand?post=12360"},{"taxonomy":"product_cat","embeddable":true,"href":"https:\/\/riffel.com.br\/2025\/wp-json\/wp\/v2\/product_cat?post=12360"},{"taxonomy":"product_tag","embeddable":true,"href":"https:\/\/riffel.com.br\/2025\/wp-json\/wp\/v2\/product_tag?post=12360"}],"curies":[{"name":"wp","href":"https:\/\/api.w.org\/{rel}","templated":true}]}}