{"id":859,"date":"2020-12-08T17:21:07","date_gmt":"2020-12-08T20:21:07","guid":{"rendered":"https:\/\/riffel.com.br\/2025\/?page_id=859"},"modified":"2025-08-21T10:54:51","modified_gmt":"2025-08-21T13:54:51","slug":"nossas-marcas","status":"publish","type":"page","link":"https:\/\/riffel.com.br\/2025\/nossas-marcas\/","title":{"rendered":"Nossas Marcas"},"content":{"rendered":"\t\t<div data-elementor-type=\"wp-page\" data-elementor-id=\"859\" class=\"elementor elementor-859\" data-elementor-post-type=\"page\">\n\t\t\t\t<div class=\"elementor-element elementor-element-9fa10a3 e-con-full elementor-hidden-desktop e-flex e-con e-parent\" data-id=\"9fa10a3\" data-element_type=\"container\">\n\t\t\t\t<div class=\"elementor-element elementor-element-123dad0 elementor-widget elementor-widget-image\" data-id=\"123dad0\" data-element_type=\"widget\" data-widget_type=\"image.default\">\n\t\t\t\t<div class=\"elementor-widget-container\">\n\t\t\t\t\t\t\t\t\t\t\t\t\t\t\t<img fetchpriority=\"high\" decoding=\"async\" width=\"700\" height=\"500\" src=\"https:\/\/riffel.com.br\/2025\/wp-content\/uploads\/2025\/08\/Nossas-Marcasmobile.jpg\" class=\"attachment-full size-full wp-image-15070\" alt=\"\" srcset=\"https:\/\/riffel.com.br\/2025\/wp-content\/uploads\/2025\/08\/Nossas-Marcasmobile.jpg 700w, https:\/\/riffel.com.br\/2025\/wp-content\/uploads\/2025\/08\/Nossas-Marcasmobile-300x214.jpg 300w, https:\/\/riffel.com.br\/2025\/wp-content\/uploads\/2025\/08\/Nossas-Marcasmobile-600x429.jpg 600w\" sizes=\"(max-width: 700px) 100vw, 700px\" \/>\t\t\t\t\t\t\t\t\t\t\t\t\t\t\t<\/div>\n\t\t\t\t<\/div>\n\t\t\t\t<\/div>\n\t\t<div class=\"elementor-element elementor-element-16e70cb e-con-full elementor-hidden-mobile elementor-hidden-tablet e-flex e-con e-parent\" data-id=\"16e70cb\" data-element_type=\"container\">\n\t\t\t\t<div class=\"elementor-element elementor-element-5a756be elementor-widget elementor-widget-image\" data-id=\"5a756be\" data-element_type=\"widget\" data-widget_type=\"image.default\">\n\t\t\t\t<div class=\"elementor-widget-container\">\n\t\t\t\t\t\t\t\t\t\t\t\t\t\t\t<img decoding=\"async\" width=\"1920\" height=\"500\" src=\"https:\/\/riffel.com.br\/2025\/wp-content\/uploads\/2025\/08\/NossasMarcas.jpg\" class=\"attachment-full size-full wp-image-15069\" alt=\"\" srcset=\"https:\/\/riffel.com.br\/2025\/wp-content\/uploads\/2025\/08\/NossasMarcas.jpg 1920w, https:\/\/riffel.com.br\/2025\/wp-content\/uploads\/2025\/08\/NossasMarcas-300x78.jpg 300w, https:\/\/riffel.com.br\/2025\/wp-content\/uploads\/2025\/08\/NossasMarcas-1024x267.jpg 1024w, https:\/\/riffel.com.br\/2025\/wp-content\/uploads\/2025\/08\/NossasMarcas-768x200.jpg 768w, https:\/\/riffel.com.br\/2025\/wp-content\/uploads\/2025\/08\/NossasMarcas-1536x400.jpg 1536w, https:\/\/riffel.com.br\/2025\/wp-content\/uploads\/2025\/08\/NossasMarcas-600x156.jpg 600w\" sizes=\"(max-width: 1920px) 100vw, 1920px\" \/>\t\t\t\t\t\t\t\t\t\t\t\t\t\t\t<\/div>\n\t\t\t\t<\/div>\n\t\t\t\t<\/div>\n\t\t\t\t<section class=\"elementor-section elementor-top-section elementor-element elementor-element-50520fd elementor-section-content-middle elementor-section-boxed elementor-section-height-default elementor-section-height-default\" data-id=\"50520fd\" data-element_type=\"section\" data-settings=\"{&quot;background_background&quot;:&quot;classic&quot;}\">\n\t\t\t\t\t\t<div class=\"elementor-container elementor-column-gap-default\">\n\t\t\t\t\t<div class=\"elementor-column elementor-col-100 elementor-top-column elementor-element elementor-element-66fb585\" data-id=\"66fb585\" data-element_type=\"column\" data-settings=\"{&quot;background_background&quot;:&quot;classic&quot;}\">\n\t\t\t<div class=\"elementor-widget-wrap elementor-element-populated\">\n\t\t\t\t\t\t<div class=\"elementor-element elementor-element-2735adf elementor-widget elementor-widget-heading\" data-id=\"2735adf\" data-element_type=\"widget\" data-widget_type=\"heading.default\">\n\t\t\t\t<div class=\"elementor-widget-container\">\n\t\t\t\t\t<h1 class=\"elementor-heading-title elementor-size-default\">NOssas Marcas<\/h1>\t\t\t\t<\/div>\n\t\t\t\t<\/div>\n\t\t\t\t<div class=\"elementor-element elementor-element-1e35c5f elementor-widget elementor-widget-eael-breadcrumbs\" data-id=\"1e35c5f\" data-element_type=\"widget\" data-widget_type=\"eael-breadcrumbs.default\">\n\t\t\t\t<div class=\"elementor-widget-container\">\n\t\t\t\t\t\t\t<div class=\"eael-breadcrumbs\">\n\t\t\t<div class=\"eael-breadcrumbs__content\"><a href=\"https:\/\/riffel.com.br\/2025\">Home<\/a> <span class=\"eael-breadcrumb-separator\">\/<\/span> <span class = \"eael-current\">P\u00e1gina<\/span><\/div>\t\t<\/div>\n\t\t\t\t\t\t<\/div>\n\t\t\t\t<\/div>\n\t\t\t\t\t<\/div>\n\t\t<\/div>\n\t\t\t\t\t<\/div>\n\t\t<\/section>\n\t\t<div class=\"elementor-element elementor-element-6fffa91 e-flex e-con-boxed e-con e-parent\" data-id=\"6fffa91\" data-element_type=\"container\">\n\t\t\t\t\t<div class=\"e-con-inner\">\n\t\t<div class=\"elementor-element elementor-element-ca87731 e-con-full e-flex e-con e-child\" data-id=\"ca87731\" data-element_type=\"container\">\n\t\t\t\t<div class=\"elementor-element elementor-element-e32702f elementor-widget elementor-widget-heading\" data-id=\"e32702f\" data-element_type=\"widget\" data-widget_type=\"heading.default\">\n\t\t\t\t<div class=\"elementor-widget-container\">\n\t\t\t\t\t<h3 class=\"elementor-heading-title elementor-size-default\">Riffel<\/h3>\t\t\t\t<\/div>\n\t\t\t\t<\/div>\n\t\t\t\t<div class=\"elementor-element elementor-element-d57a68c elementor-widget elementor-widget-heading\" data-id=\"d57a68c\" data-element_type=\"widget\" data-widget_type=\"heading.default\">\n\t\t\t\t<div class=\"elementor-widget-container\">\n\t\t\t\t\t<h2 class=\"elementor-heading-title elementor-size-default\">REFER\u00caNCIA EM TODO O BRASIL E AM\u00c9RICA LATINA\n<\/h2>\t\t\t\t<\/div>\n\t\t\t\t<\/div>\n\t\t\t\t<div class=\"elementor-element elementor-element-179fc80 elementor-widget elementor-widget-text-editor\" data-id=\"179fc80\" data-element_type=\"widget\" data-widget_type=\"text-editor.default\">\n\t\t\t\t<div class=\"elementor-widget-container\">\n\t\t\t\t\t\t\t\t\t<p>H\u00e1 d\u00e9cadas a Riffel desenvolve e comercializa produtos para o mercado de duas rodas. Com longos anos de experi\u00eancia na fabrica\u00e7\u00e3o de moto pe\u00e7as utilizadas nas linhas de montagem de grandes montadoras, constru\u00edmos uma longa jornada reconhecida pela alta qualidade e desempenho dos produtos, al\u00e9m da consolida\u00e7\u00e3o de uma marca de credibilidade.<\/p>\t\t\t\t\t\t\t\t<\/div>\n\t\t\t\t<\/div>\n\t\t\t\t<\/div>\n\t\t<div class=\"elementor-element elementor-element-ac6b9ac e-con-full e-flex e-con e-child\" data-id=\"ac6b9ac\" data-element_type=\"container\">\n\t\t\t\t<div class=\"elementor-element elementor-element-abca59b elementor-widget elementor-widget-image\" data-id=\"abca59b\" data-element_type=\"widget\" data-widget_type=\"image.default\">\n\t\t\t\t<div class=\"elementor-widget-container\">\n\t\t\t\t\t\t\t\t\t\t\t\t\t\t\t<img decoding=\"async\" width=\"507\" height=\"661\" src=\"https:\/\/riffel.com.br\/2025\/wp-content\/uploads\/2022\/01\/riffito.png\" class=\"attachment-full size-full wp-image-4460\" alt=\"\" srcset=\"https:\/\/riffel.com.br\/2025\/wp-content\/uploads\/2022\/01\/riffito.png 507w, https:\/\/riffel.com.br\/2025\/wp-content\/uploads\/2022\/01\/riffito-230x300.png 230w\" sizes=\"(max-width: 507px) 100vw, 507px\" \/>\t\t\t\t\t\t\t\t\t\t\t\t\t\t\t<\/div>\n\t\t\t\t<\/div>\n\t\t\t\t<\/div>\n\t\t\t\t\t<\/div>\n\t\t\t\t<\/div>\n\t\t\t\t<section class=\"elementor-section elementor-top-section elementor-element elementor-element-29edcbfd elementor-section-boxed elementor-section-height-default elementor-section-height-default\" data-id=\"29edcbfd\" data-element_type=\"section\">\n\t\t\t\t\t\t<div class=\"elementor-container elementor-column-gap-default\">\n\t\t\t\t\t<div class=\"elementor-column elementor-col-100 elementor-top-column elementor-element elementor-element-3afe408e\" data-id=\"3afe408e\" data-element_type=\"column\" data-settings=\"{&quot;background_background&quot;:&quot;classic&quot;}\">\n\t\t\t<div class=\"elementor-widget-wrap elementor-element-populated\">\n\t\t\t\t\t\t<div class=\"elementor-element elementor-element-69879c5 elementor-widget elementor-widget-gallery\" data-id=\"69879c5\" data-element_type=\"widget\" data-settings=\"{&quot;aspect_ratio&quot;:&quot;1:1&quot;,&quot;columns_tablet&quot;:4,&quot;columns_mobile&quot;:2,&quot;lazyload&quot;:&quot;yes&quot;,&quot;gallery_layout&quot;:&quot;grid&quot;,&quot;columns&quot;:4,&quot;gap&quot;:{&quot;unit&quot;:&quot;px&quot;,&quot;size&quot;:10,&quot;sizes&quot;:[]},&quot;gap_tablet&quot;:{&quot;unit&quot;:&quot;px&quot;,&quot;size&quot;:10,&quot;sizes&quot;:[]},&quot;gap_mobile&quot;:{&quot;unit&quot;:&quot;px&quot;,&quot;size&quot;:10,&quot;sizes&quot;:[]},&quot;overlay_background&quot;:&quot;yes&quot;,&quot;content_hover_animation&quot;:&quot;fade-in&quot;}\" data-widget_type=\"gallery.default\">\n\t\t\t\t<div class=\"elementor-widget-container\">\n\t\t\t\t\t\t\t<div class=\"elementor-gallery__container\">\n\t\t\t\t\t\t\t<div class=\"e-gallery-item elementor-gallery-item elementor-animated-content\">\n\t\t\t\t\t<div class=\"e-gallery-image elementor-gallery-item__image\" data-thumbnail=\"https:\/\/riffel.com.br\/2025\/wp-content\/uploads\/2020\/12\/riffel-1.jpg\" data-width=\"148\" data-height=\"148\" aria-label=\"\" role=\"img\" ><\/div>\n\t\t\t\t\t\t\t\t\t\t\t<div class=\"elementor-gallery-item__overlay\"><\/div>\n\t\t\t\t\t\t\t\t\t\t\t\t\t\t<\/div>\n\t\t\t\t\t\t\t<div class=\"e-gallery-item elementor-gallery-item elementor-animated-content\">\n\t\t\t\t\t<div class=\"e-gallery-image elementor-gallery-item__image\" data-thumbnail=\"https:\/\/riffel.com.br\/2025\/wp-content\/uploads\/2020\/12\/riffel-2.jpg\" data-width=\"148\" data-height=\"148\" aria-label=\"\" role=\"img\" ><\/div>\n\t\t\t\t\t\t\t\t\t\t\t<div class=\"elementor-gallery-item__overlay\"><\/div>\n\t\t\t\t\t\t\t\t\t\t\t\t\t\t<\/div>\n\t\t\t\t\t\t\t<div class=\"e-gallery-item elementor-gallery-item elementor-animated-content\">\n\t\t\t\t\t<div class=\"e-gallery-image elementor-gallery-item__image\" data-thumbnail=\"https:\/\/riffel.com.br\/2025\/wp-content\/uploads\/2020\/12\/riffel-3.jpg\" data-width=\"148\" data-height=\"148\" aria-label=\"\" role=\"img\" ><\/div>\n\t\t\t\t\t\t\t\t\t\t\t<div class=\"elementor-gallery-item__overlay\"><\/div>\n\t\t\t\t\t\t\t\t\t\t\t\t\t\t<\/div>\n\t\t\t\t\t\t\t<div class=\"e-gallery-item elementor-gallery-item elementor-animated-content\">\n\t\t\t\t\t<div class=\"e-gallery-image elementor-gallery-item__image\" data-thumbnail=\"https:\/\/riffel.com.br\/2025\/wp-content\/uploads\/2020\/12\/riffel-4.jpg\" data-width=\"148\" data-height=\"148\" aria-label=\"\" role=\"img\" ><\/div>\n\t\t\t\t\t\t\t\t\t\t\t<div class=\"elementor-gallery-item__overlay\"><\/div>\n\t\t\t\t\t\t\t\t\t\t\t\t\t\t<\/div>\n\t\t\t\t\t\t\t<div class=\"e-gallery-item elementor-gallery-item elementor-animated-content\">\n\t\t\t\t\t<div class=\"e-gallery-image elementor-gallery-item__image\" data-thumbnail=\"https:\/\/riffel.com.br\/2025\/wp-content\/uploads\/2020\/12\/riffel-5.jpg\" data-width=\"148\" data-height=\"148\" aria-label=\"\" role=\"img\" ><\/div>\n\t\t\t\t\t\t\t\t\t\t\t<div class=\"elementor-gallery-item__overlay\"><\/div>\n\t\t\t\t\t\t\t\t\t\t\t\t\t\t<\/div>\n\t\t\t\t\t\t\t<div class=\"e-gallery-item elementor-gallery-item elementor-animated-content\">\n\t\t\t\t\t<div class=\"e-gallery-image elementor-gallery-item__image\" data-thumbnail=\"https:\/\/riffel.com.br\/2025\/wp-content\/uploads\/2020\/12\/riffel-6.jpg\" data-width=\"148\" data-height=\"148\" aria-label=\"\" role=\"img\" ><\/div>\n\t\t\t\t\t\t\t\t\t\t\t<div class=\"elementor-gallery-item__overlay\"><\/div>\n\t\t\t\t\t\t\t\t\t\t\t\t\t\t<\/div>\n\t\t\t\t\t\t\t<div class=\"e-gallery-item elementor-gallery-item elementor-animated-content\">\n\t\t\t\t\t<div class=\"e-gallery-image elementor-gallery-item__image\" data-thumbnail=\"https:\/\/riffel.com.br\/2025\/wp-content\/uploads\/2020\/12\/riffel-7.jpg\" data-width=\"148\" data-height=\"148\" aria-label=\"\" role=\"img\" ><\/div>\n\t\t\t\t\t\t\t\t\t\t\t<div class=\"elementor-gallery-item__overlay\"><\/div>\n\t\t\t\t\t\t\t\t\t\t\t\t\t\t<\/div>\n\t\t\t\t\t\t\t<div class=\"e-gallery-item elementor-gallery-item elementor-animated-content\">\n\t\t\t\t\t<div class=\"e-gallery-image elementor-gallery-item__image\" data-thumbnail=\"https:\/\/riffel.com.br\/2025\/wp-content\/uploads\/2020\/12\/riffel-8.jpg\" data-width=\"148\" data-height=\"148\" aria-label=\"\" role=\"img\" ><\/div>\n\t\t\t\t\t\t\t\t\t\t\t<div class=\"elementor-gallery-item__overlay\"><\/div>\n\t\t\t\t\t\t\t\t\t\t\t\t\t\t<\/div>\n\t\t\t\t\t\t\t<div class=\"e-gallery-item elementor-gallery-item elementor-animated-content\">\n\t\t\t\t\t<div class=\"e-gallery-image elementor-gallery-item__image\" data-thumbnail=\"https:\/\/riffel.com.br\/2025\/wp-content\/uploads\/2020\/12\/riffel-9.jpg\" data-width=\"148\" data-height=\"148\" aria-label=\"\" role=\"img\" ><\/div>\n\t\t\t\t\t\t\t\t\t\t\t<div class=\"elementor-gallery-item__overlay\"><\/div>\n\t\t\t\t\t\t\t\t\t\t\t\t\t\t<\/div>\n\t\t\t\t\t\t\t<div class=\"e-gallery-item elementor-gallery-item elementor-animated-content\">\n\t\t\t\t\t<div class=\"e-gallery-image elementor-gallery-item__image\" data-thumbnail=\"https:\/\/riffel.com.br\/2025\/wp-content\/uploads\/2020\/12\/riffel-12.jpg\" data-width=\"148\" data-height=\"148\" aria-label=\"\" role=\"img\" ><\/div>\n\t\t\t\t\t\t\t\t\t\t\t<div class=\"elementor-gallery-item__overlay\"><\/div>\n\t\t\t\t\t\t\t\t\t\t\t\t\t\t<\/div>\n\t\t\t\t\t\t\t<div class=\"e-gallery-item elementor-gallery-item elementor-animated-content\">\n\t\t\t\t\t<div class=\"e-gallery-image elementor-gallery-item__image\" data-thumbnail=\"https:\/\/riffel.com.br\/2025\/wp-content\/uploads\/2020\/12\/riffel-13.jpg\" data-width=\"148\" data-height=\"148\" aria-label=\"\" role=\"img\" ><\/div>\n\t\t\t\t\t\t\t\t\t\t\t<div class=\"elementor-gallery-item__overlay\"><\/div>\n\t\t\t\t\t\t\t\t\t\t\t\t\t\t<\/div>\n\t\t\t\t\t\t\t<div class=\"e-gallery-item elementor-gallery-item elementor-animated-content\">\n\t\t\t\t\t<div class=\"e-gallery-image elementor-gallery-item__image\" data-thumbnail=\"https:\/\/riffel.com.br\/2025\/wp-content\/uploads\/2020\/12\/riffel-14.jpg\" data-width=\"148\" data-height=\"148\" aria-label=\"\" role=\"img\" ><\/div>\n\t\t\t\t\t\t\t\t\t\t\t<div class=\"elementor-gallery-item__overlay\"><\/div>\n\t\t\t\t\t\t\t\t\t\t\t\t\t\t<\/div>\n\t\t\t\t\t\t\t<div class=\"e-gallery-item elementor-gallery-item elementor-animated-content\">\n\t\t\t\t\t<div class=\"e-gallery-image elementor-gallery-item__image\" data-thumbnail=\"https:\/\/riffel.com.br\/2025\/wp-content\/uploads\/2020\/12\/riffel-15.jpg\" data-width=\"148\" data-height=\"148\" aria-label=\"\" role=\"img\" ><\/div>\n\t\t\t\t\t\t\t\t\t\t\t<div class=\"elementor-gallery-item__overlay\"><\/div>\n\t\t\t\t\t\t\t\t\t\t\t\t\t\t<\/div>\n\t\t\t\t\t\t\t<div class=\"e-gallery-item elementor-gallery-item elementor-animated-content\">\n\t\t\t\t\t<div class=\"e-gallery-image elementor-gallery-item__image\" data-thumbnail=\"https:\/\/riffel.com.br\/2025\/wp-content\/uploads\/2020\/12\/riffel-16.jpg\" data-width=\"148\" data-height=\"148\" aria-label=\"\" role=\"img\" ><\/div>\n\t\t\t\t\t\t\t\t\t\t\t<div class=\"elementor-gallery-item__overlay\"><\/div>\n\t\t\t\t\t\t\t\t\t\t\t\t\t\t<\/div>\n\t\t\t\t\t\t\t<div class=\"e-gallery-item elementor-gallery-item elementor-animated-content\">\n\t\t\t\t\t<div class=\"e-gallery-image elementor-gallery-item__image\" data-thumbnail=\"https:\/\/riffel.com.br\/2025\/wp-content\/uploads\/2020\/12\/riffel-17.jpg\" data-width=\"148\" data-height=\"148\" aria-label=\"\" role=\"img\" ><\/div>\n\t\t\t\t\t\t\t\t\t\t\t<div class=\"elementor-gallery-item__overlay\"><\/div>\n\t\t\t\t\t\t\t\t\t\t\t\t\t\t<\/div>\n\t\t\t\t\t\t\t<div class=\"e-gallery-item elementor-gallery-item elementor-animated-content\">\n\t\t\t\t\t<div class=\"e-gallery-image elementor-gallery-item__image\" data-thumbnail=\"https:\/\/riffel.com.br\/2025\/wp-content\/uploads\/2020\/12\/riffel-18.jpg\" data-width=\"148\" data-height=\"148\" aria-label=\"\" role=\"img\" ><\/div>\n\t\t\t\t\t\t\t\t\t\t\t<div class=\"elementor-gallery-item__overlay\"><\/div>\n\t\t\t\t\t\t\t\t\t\t\t\t\t\t<\/div>\n\t\t\t\t\t<\/div>\n\t\t\t\t\t<\/div>\n\t\t\t\t<\/div>\n\t\t\t\t\t<\/div>\n\t\t<\/div>\n\t\t\t\t\t<\/div>\n\t\t<\/section>\n\t\t\t\t<\/div>\n\t\t","protected":false},"excerpt":{"rendered":"<p>NOssas Marcas Home \/ P\u00e1gina Riffel REFER\u00caNCIA EM TODO O BRASIL E AM\u00c9RICA LATINA H\u00e1 d\u00e9cadas a Riffel desenvolve e comercializa produtos para o mercado de duas rodas. Com longos anos de experi\u00eancia na fabrica\u00e7\u00e3o de moto pe\u00e7as utilizadas nas linhas de montagem de grandes montadoras, constru\u00edmos uma longa jornada reconhecida pela alta qualidade e [&hellip;]<\/p>\n","protected":false},"author":1,"featured_media":0,"parent":0,"menu_order":0,"comment_status":"closed","ping_status":"closed","template":"","meta":{"footnotes":""},"class_list":["post-859","page","type-page","status-publish","hentry"],"yoast_head":"<!-- This site is optimized with the Yoast SEO plugin v26.2 - https:\/\/yoast.com\/wordpress\/plugins\/seo\/ -->\n<title>Nossas Marcas | Lista completa | Riffel<\/title>\n<meta name=\"description\" content=\"Nossas marcas j\u00e1 estiveram presentes nos mais importantes meios de comunica\u00e7\u00e3o, feiras e eventos do mercado de duas rodas. Confira todas elas!\" \/>\n<meta name=\"robots\" content=\"index, follow, max-snippet:-1, max-image-preview:large, max-video-preview:-1\" \/>\n<link rel=\"canonical\" href=\"https:\/\/riffel.com.br\/2025\/nossas-marcas\/\" \/>\n<meta property=\"og:locale\" content=\"pt_BR\" \/>\n<meta property=\"og:type\" content=\"article\" \/>\n<meta property=\"og:title\" content=\"Nossas Marcas | Lista completa | Riffel\" \/>\n<meta property=\"og:description\" content=\"Nossas marcas j\u00e1 estiveram presentes nos mais importantes meios de comunica\u00e7\u00e3o, feiras e eventos do mercado de duas rodas. Confira todas elas!\" \/>\n<meta property=\"og:url\" content=\"https:\/\/riffel.com.br\/2025\/nossas-marcas\/\" \/>\n<meta property=\"og:site_name\" content=\"Riffel\" \/>\n<meta property=\"article:publisher\" content=\"https:\/\/www.facebook.com\/Riffel.OficialBR\/\" \/>\n<meta property=\"article:modified_time\" content=\"2025-08-21T13:54:51+00:00\" \/>\n<meta property=\"og:image\" content=\"https:\/\/riffel.com.br\/2025\/wp-content\/uploads\/2025\/08\/Nossas-Marcasmobile.jpg\" \/>\n<meta name=\"twitter:card\" content=\"summary_large_image\" \/>\n<meta name=\"twitter:label1\" content=\"Est. tempo de leitura\" \/>\n\t<meta name=\"twitter:data1\" content=\"1 minuto\" \/>\n<script type=\"application\/ld+json\" class=\"yoast-schema-graph\">{\"@context\":\"https:\/\/schema.org\",\"@graph\":[{\"@type\":\"WebPage\",\"@id\":\"https:\/\/riffel.com.br\/2025\/nossas-marcas\/\",\"url\":\"https:\/\/riffel.com.br\/2025\/nossas-marcas\/\",\"name\":\"Nossas Marcas | Lista completa | Riffel\",\"isPartOf\":{\"@id\":\"https:\/\/riffel.com.br\/2025\/#website\"},\"primaryImageOfPage\":{\"@id\":\"https:\/\/riffel.com.br\/2025\/nossas-marcas\/#primaryimage\"},\"image\":{\"@id\":\"https:\/\/riffel.com.br\/2025\/nossas-marcas\/#primaryimage\"},\"thumbnailUrl\":\"https:\/\/riffel.com.br\/2025\/wp-content\/uploads\/2025\/08\/Nossas-Marcasmobile.jpg\",\"datePublished\":\"2020-12-08T20:21:07+00:00\",\"dateModified\":\"2025-08-21T13:54:51+00:00\",\"description\":\"Nossas marcas j\u00e1 estiveram presentes nos mais importantes meios de comunica\u00e7\u00e3o, feiras e eventos do mercado de duas rodas. Confira todas elas!\",\"breadcrumb\":{\"@id\":\"https:\/\/riffel.com.br\/2025\/nossas-marcas\/#breadcrumb\"},\"inLanguage\":\"pt-BR\",\"potentialAction\":[{\"@type\":\"ReadAction\",\"target\":[\"https:\/\/riffel.com.br\/2025\/nossas-marcas\/\"]}]},{\"@type\":\"ImageObject\",\"inLanguage\":\"pt-BR\",\"@id\":\"https:\/\/riffel.com.br\/2025\/nossas-marcas\/#primaryimage\",\"url\":\"https:\/\/riffel.com.br\/2025\/wp-content\/uploads\/2025\/08\/Nossas-Marcasmobile.jpg\",\"contentUrl\":\"https:\/\/riffel.com.br\/2025\/wp-content\/uploads\/2025\/08\/Nossas-Marcasmobile.jpg\",\"width\":700,\"height\":500},{\"@type\":\"BreadcrumbList\",\"@id\":\"https:\/\/riffel.com.br\/2025\/nossas-marcas\/#breadcrumb\",\"itemListElement\":[{\"@type\":\"ListItem\",\"position\":1,\"name\":\"In\u00edcio\",\"item\":\"https:\/\/riffel.com.br\/2025\/\"},{\"@type\":\"ListItem\",\"position\":2,\"name\":\"Nossas Marcas\"}]},{\"@type\":\"WebSite\",\"@id\":\"https:\/\/riffel.com.br\/2025\/#website\",\"url\":\"https:\/\/riffel.com.br\/2025\/\",\"name\":\"Riffel\",\"description\":\"Pe\u00e7as para moto\",\"publisher\":{\"@id\":\"https:\/\/riffel.com.br\/2025\/#organization\"},\"potentialAction\":[{\"@type\":\"SearchAction\",\"target\":{\"@type\":\"EntryPoint\",\"urlTemplate\":\"https:\/\/riffel.com.br\/2025\/?s={search_term_string}\"},\"query-input\":{\"@type\":\"PropertyValueSpecification\",\"valueRequired\":true,\"valueName\":\"search_term_string\"}}],\"inLanguage\":\"pt-BR\"},{\"@type\":\"Organization\",\"@id\":\"https:\/\/riffel.com.br\/2025\/#organization\",\"name\":\"Riffel - Pe\u00e7as a Acess\u00f3rios para Motos\",\"url\":\"https:\/\/riffel.com.br\/2025\/\",\"logo\":{\"@type\":\"ImageObject\",\"inLanguage\":\"pt-BR\",\"@id\":\"https:\/\/riffel.com.br\/2025\/#\/schema\/logo\/image\/\",\"url\":\"https:\/\/riffel.com.br\/2025\/wp-content\/uploads\/2020\/11\/logo-site.png\",\"contentUrl\":\"https:\/\/riffel.com.br\/2025\/wp-content\/uploads\/2020\/11\/logo-site.png\",\"width\":300,\"height\":56,\"caption\":\"Riffel - Pe\u00e7as a Acess\u00f3rios para Motos\"},\"image\":{\"@id\":\"https:\/\/riffel.com.br\/2025\/#\/schema\/logo\/image\/\"},\"sameAs\":[\"https:\/\/www.facebook.com\/Riffel.OficialBR\/\",\"https:\/\/www.instagram.com\/riffeloficial\/\",\"https:\/\/www.linkedin.com\/company\/riffel-moto-pe-as\/\",\"https:\/\/www.youtube.com\/Riffeloficialbr\"]}]}<\/script>\n<!-- \/ Yoast SEO plugin. -->","yoast_head_json":{"title":"Nossas Marcas | Lista completa | Riffel","description":"Nossas marcas j\u00e1 estiveram presentes nos mais importantes meios de comunica\u00e7\u00e3o, feiras e eventos do mercado de duas rodas. Confira todas elas!","robots":{"index":"index","follow":"follow","max-snippet":"max-snippet:-1","max-image-preview":"max-image-preview:large","max-video-preview":"max-video-preview:-1"},"canonical":"https:\/\/riffel.com.br\/2025\/nossas-marcas\/","og_locale":"pt_BR","og_type":"article","og_title":"Nossas Marcas | Lista completa | Riffel","og_description":"Nossas marcas j\u00e1 estiveram presentes nos mais importantes meios de comunica\u00e7\u00e3o, feiras e eventos do mercado de duas rodas. Confira todas elas!","og_url":"https:\/\/riffel.com.br\/2025\/nossas-marcas\/","og_site_name":"Riffel","article_publisher":"https:\/\/www.facebook.com\/Riffel.OficialBR\/","article_modified_time":"2025-08-21T13:54:51+00:00","og_image":[{"url":"https:\/\/riffel.com.br\/2025\/wp-content\/uploads\/2025\/08\/Nossas-Marcasmobile.jpg","type":"","width":"","height":""}],"twitter_card":"summary_large_image","twitter_misc":{"Est. tempo de leitura":"1 minuto"},"schema":{"@context":"https:\/\/schema.org","@graph":[{"@type":"WebPage","@id":"https:\/\/riffel.com.br\/2025\/nossas-marcas\/","url":"https:\/\/riffel.com.br\/2025\/nossas-marcas\/","name":"Nossas Marcas | Lista completa | Riffel","isPartOf":{"@id":"https:\/\/riffel.com.br\/2025\/#website"},"primaryImageOfPage":{"@id":"https:\/\/riffel.com.br\/2025\/nossas-marcas\/#primaryimage"},"image":{"@id":"https:\/\/riffel.com.br\/2025\/nossas-marcas\/#primaryimage"},"thumbnailUrl":"https:\/\/riffel.com.br\/2025\/wp-content\/uploads\/2025\/08\/Nossas-Marcasmobile.jpg","datePublished":"2020-12-08T20:21:07+00:00","dateModified":"2025-08-21T13:54:51+00:00","description":"Nossas marcas j\u00e1 estiveram presentes nos mais importantes meios de comunica\u00e7\u00e3o, feiras e eventos do mercado de duas rodas. Confira todas elas!","breadcrumb":{"@id":"https:\/\/riffel.com.br\/2025\/nossas-marcas\/#breadcrumb"},"inLanguage":"pt-BR","potentialAction":[{"@type":"ReadAction","target":["https:\/\/riffel.com.br\/2025\/nossas-marcas\/"]}]},{"@type":"ImageObject","inLanguage":"pt-BR","@id":"https:\/\/riffel.com.br\/2025\/nossas-marcas\/#primaryimage","url":"https:\/\/riffel.com.br\/2025\/wp-content\/uploads\/2025\/08\/Nossas-Marcasmobile.jpg","contentUrl":"https:\/\/riffel.com.br\/2025\/wp-content\/uploads\/2025\/08\/Nossas-Marcasmobile.jpg","width":700,"height":500},{"@type":"BreadcrumbList","@id":"https:\/\/riffel.com.br\/2025\/nossas-marcas\/#breadcrumb","itemListElement":[{"@type":"ListItem","position":1,"name":"In\u00edcio","item":"https:\/\/riffel.com.br\/2025\/"},{"@type":"ListItem","position":2,"name":"Nossas Marcas"}]},{"@type":"WebSite","@id":"https:\/\/riffel.com.br\/2025\/#website","url":"https:\/\/riffel.com.br\/2025\/","name":"Riffel","description":"Pe\u00e7as para moto","publisher":{"@id":"https:\/\/riffel.com.br\/2025\/#organization"},"potentialAction":[{"@type":"SearchAction","target":{"@type":"EntryPoint","urlTemplate":"https:\/\/riffel.com.br\/2025\/?s={search_term_string}"},"query-input":{"@type":"PropertyValueSpecification","valueRequired":true,"valueName":"search_term_string"}}],"inLanguage":"pt-BR"},{"@type":"Organization","@id":"https:\/\/riffel.com.br\/2025\/#organization","name":"Riffel - Pe\u00e7as a Acess\u00f3rios para Motos","url":"https:\/\/riffel.com.br\/2025\/","logo":{"@type":"ImageObject","inLanguage":"pt-BR","@id":"https:\/\/riffel.com.br\/2025\/#\/schema\/logo\/image\/","url":"https:\/\/riffel.com.br\/2025\/wp-content\/uploads\/2020\/11\/logo-site.png","contentUrl":"https:\/\/riffel.com.br\/2025\/wp-content\/uploads\/2020\/11\/logo-site.png","width":300,"height":56,"caption":"Riffel - Pe\u00e7as a Acess\u00f3rios para Motos"},"image":{"@id":"https:\/\/riffel.com.br\/2025\/#\/schema\/logo\/image\/"},"sameAs":["https:\/\/www.facebook.com\/Riffel.OficialBR\/","https:\/\/www.instagram.com\/riffeloficial\/","https:\/\/www.linkedin.com\/company\/riffel-moto-pe-as\/","https:\/\/www.youtube.com\/Riffeloficialbr"]}]}},"_links":{"self":[{"href":"https:\/\/riffel.com.br\/2025\/wp-json\/wp\/v2\/pages\/859","targetHints":{"allow":["GET"]}}],"collection":[{"href":"https:\/\/riffel.com.br\/2025\/wp-json\/wp\/v2\/pages"}],"about":[{"href":"https:\/\/riffel.com.br\/2025\/wp-json\/wp\/v2\/types\/page"}],"author":[{"embeddable":true,"href":"https:\/\/riffel.com.br\/2025\/wp-json\/wp\/v2\/users\/1"}],"replies":[{"embeddable":true,"href":"https:\/\/riffel.com.br\/2025\/wp-json\/wp\/v2\/comments?post=859"}],"version-history":[{"count":24,"href":"https:\/\/riffel.com.br\/2025\/wp-json\/wp\/v2\/pages\/859\/revisions"}],"predecessor-version":[{"id":15104,"href":"https:\/\/riffel.com.br\/2025\/wp-json\/wp\/v2\/pages\/859\/revisions\/15104"}],"wp:attachment":[{"href":"https:\/\/riffel.com.br\/2025\/wp-json\/wp\/v2\/media?parent=859"}],"curies":[{"name":"wp","href":"https:\/\/api.w.org\/{rel}","templated":true}]}}