{"id":6295,"date":"2022-08-08T11:58:06","date_gmt":"2022-08-08T14:58:06","guid":{"rendered":"https:\/\/riffel.com.br\/2025\/?page_id=6295"},"modified":"2025-08-21T10:44:36","modified_gmt":"2025-08-21T13:44:36","slug":"onde-encontrar","status":"publish","type":"page","link":"https:\/\/riffel.com.br\/2025\/onde-encontrar\/","title":{"rendered":"Onde Encontrar"},"content":{"rendered":"\t\t<div data-elementor-type=\"wp-page\" data-elementor-id=\"6295\" class=\"elementor elementor-6295\" data-elementor-post-type=\"page\">\n\t\t\t\t<div class=\"elementor-element elementor-element-4a9fc34 e-con-full elementor-hidden-desktop e-flex e-con e-parent\" data-id=\"4a9fc34\" data-element_type=\"container\">\n\t\t\t\t<div class=\"elementor-element elementor-element-b0e38bd elementor-widget elementor-widget-image\" data-id=\"b0e38bd\" data-element_type=\"widget\" data-widget_type=\"image.default\">\n\t\t\t\t<div class=\"elementor-widget-container\">\n\t\t\t\t\t\t\t\t\t\t\t\t\t\t\t<img fetchpriority=\"high\" decoding=\"async\" width=\"700\" height=\"500\" src=\"https:\/\/riffel.com.br\/2025\/wp-content\/uploads\/2025\/08\/Onde-Encontrarmobile.jpg\" class=\"attachment-full size-full wp-image-15072\" alt=\"\" srcset=\"https:\/\/riffel.com.br\/2025\/wp-content\/uploads\/2025\/08\/Onde-Encontrarmobile.jpg 700w, https:\/\/riffel.com.br\/2025\/wp-content\/uploads\/2025\/08\/Onde-Encontrarmobile-300x214.jpg 300w, https:\/\/riffel.com.br\/2025\/wp-content\/uploads\/2025\/08\/Onde-Encontrarmobile-600x429.jpg 600w\" sizes=\"(max-width: 700px) 100vw, 700px\" \/>\t\t\t\t\t\t\t\t\t\t\t\t\t\t\t<\/div>\n\t\t\t\t<\/div>\n\t\t\t\t<\/div>\n\t\t<div class=\"elementor-element elementor-element-aca4cda e-con-full elementor-hidden-mobile elementor-hidden-tablet e-flex e-con e-parent\" data-id=\"aca4cda\" data-element_type=\"container\">\n\t\t\t\t<div class=\"elementor-element elementor-element-084c334 elementor-widget elementor-widget-image\" data-id=\"084c334\" data-element_type=\"widget\" data-widget_type=\"image.default\">\n\t\t\t\t<div class=\"elementor-widget-container\">\n\t\t\t\t\t\t\t\t\t\t\t\t\t\t\t<img decoding=\"async\" width=\"1920\" height=\"500\" src=\"https:\/\/riffel.com.br\/2025\/wp-content\/uploads\/2025\/08\/Onde-Encontrar.jpg\" class=\"attachment-full size-full wp-image-15071\" alt=\"\" srcset=\"https:\/\/riffel.com.br\/2025\/wp-content\/uploads\/2025\/08\/Onde-Encontrar.jpg 1920w, https:\/\/riffel.com.br\/2025\/wp-content\/uploads\/2025\/08\/Onde-Encontrar-300x78.jpg 300w, https:\/\/riffel.com.br\/2025\/wp-content\/uploads\/2025\/08\/Onde-Encontrar-1024x267.jpg 1024w, https:\/\/riffel.com.br\/2025\/wp-content\/uploads\/2025\/08\/Onde-Encontrar-768x200.jpg 768w, https:\/\/riffel.com.br\/2025\/wp-content\/uploads\/2025\/08\/Onde-Encontrar-1536x400.jpg 1536w, https:\/\/riffel.com.br\/2025\/wp-content\/uploads\/2025\/08\/Onde-Encontrar-600x156.jpg 600w\" sizes=\"(max-width: 1920px) 100vw, 1920px\" \/>\t\t\t\t\t\t\t\t\t\t\t\t\t\t\t<\/div>\n\t\t\t\t<\/div>\n\t\t\t\t<\/div>\n\t\t\t\t<section class=\"elementor-section elementor-top-section elementor-element elementor-element-bf53a07 elementor-section-content-middle elementor-section-boxed elementor-section-height-default elementor-section-height-default\" data-id=\"bf53a07\" data-element_type=\"section\" data-settings=\"{&quot;background_background&quot;:&quot;classic&quot;}\">\n\t\t\t\t\t\t<div class=\"elementor-container elementor-column-gap-default\">\n\t\t\t\t\t<div class=\"elementor-column elementor-col-100 elementor-top-column elementor-element elementor-element-819f45b\" data-id=\"819f45b\" data-element_type=\"column\" data-settings=\"{&quot;background_background&quot;:&quot;classic&quot;}\">\n\t\t\t<div class=\"elementor-widget-wrap elementor-element-populated\">\n\t\t\t\t\t\t<div class=\"elementor-element elementor-element-83d2811 elementor-widget elementor-widget-heading\" data-id=\"83d2811\" data-element_type=\"widget\" data-widget_type=\"heading.default\">\n\t\t\t\t<div class=\"elementor-widget-container\">\n\t\t\t\t\t<h1 class=\"elementor-heading-title elementor-size-default\">Onde Encontrar<\/h1>\t\t\t\t<\/div>\n\t\t\t\t<\/div>\n\t\t\t\t<div class=\"elementor-element elementor-element-249db71 elementor-widget elementor-widget-eael-breadcrumbs\" data-id=\"249db71\" data-element_type=\"widget\" data-widget_type=\"eael-breadcrumbs.default\">\n\t\t\t\t<div class=\"elementor-widget-container\">\n\t\t\t\t\t\t\t<div class=\"eael-breadcrumbs\">\n\t\t\t<div class=\"eael-breadcrumbs__content\"><a href=\"https:\/\/riffel.com.br\/2025\">Home<\/a> <span class=\"eael-breadcrumb-separator\">\/<\/span> <span class = \"eael-current\">P\u00e1gina<\/span><\/div>\t\t<\/div>\n\t\t\t\t\t\t<\/div>\n\t\t\t\t<\/div>\n\t\t\t\t\t<\/div>\n\t\t<\/div>\n\t\t\t\t\t<\/div>\n\t\t<\/section>\n\t\t<div class=\"elementor-element elementor-element-a04e86e e-flex e-con-boxed e-con e-parent\" data-id=\"a04e86e\" data-element_type=\"container\">\n\t\t\t\t\t<div class=\"e-con-inner\">\n\t\t\t\t<div class=\"elementor-element elementor-element-e5c8ac2 elementor-widget elementor-widget-heading\" data-id=\"e5c8ac2\" data-element_type=\"widget\" data-widget_type=\"heading.default\">\n\t\t\t\t<div class=\"elementor-widget-container\">\n\t\t\t\t\t<h2 class=\"elementor-heading-title elementor-size-default\">Quer encontrar pe\u00e7as Riffel com facilidade?<\/h2>\t\t\t\t<\/div>\n\t\t\t\t<\/div>\n\t\t\t\t<div class=\"elementor-element elementor-element-781d94d elementor-widget elementor-widget-heading\" data-id=\"781d94d\" data-element_type=\"widget\" data-widget_type=\"heading.default\">\n\t\t\t\t<div class=\"elementor-widget-container\">\n\t\t\t\t\t<h3 class=\"elementor-heading-title elementor-size-default\">Use nosso localizador e descubra a loja mais pr\u00f3xima! <\/h3>\t\t\t\t<\/div>\n\t\t\t\t<\/div>\n\t\t\t\t\t<\/div>\n\t\t\t\t<\/div>\n\t\t\t\t<section class=\"elementor-section elementor-top-section elementor-element elementor-element-5de5a56d elementor-section-height-min-height elementor-section-items-stretch elementor-section-full_width elementor-section-height-default\" data-id=\"5de5a56d\" data-element_type=\"section\">\n\t\t\t\t\t\t<div class=\"elementor-container elementor-column-gap-default\">\n\t\t\t\t\t<div class=\"elementor-column elementor-col-100 elementor-top-column elementor-element elementor-element-72226c56\" data-id=\"72226c56\" data-element_type=\"column\" data-settings=\"{&quot;background_background&quot;:&quot;classic&quot;}\">\n\t\t\t<div class=\"elementor-widget-wrap elementor-element-populated\">\n\t\t\t\t\t\t<div class=\"elementor-element elementor-element-f85ca9b elementor-widget elementor-widget-html\" data-id=\"f85ca9b\" data-element_type=\"widget\" data-widget_type=\"html.default\">\n\t\t\t\t<div class=\"elementor-widget-container\">\n\t\t\t\t\t<iframe id=\"gofind-iframe\" frameborder=\"0\" src=\"https:\/\/riffel.pertinhodemim.com\" width=\"100%\" style=\"min-height:500px;border:1px solid #f2f2f2;\" allow=\"geolocation\"><\/iframe>\t\t\t\t<\/div>\n\t\t\t\t<\/div>\n\t\t\t\t\t<\/div>\n\t\t<\/div>\n\t\t\t\t\t<\/div>\n\t\t<\/section>\n\t\t\t\t<section class=\"elementor-section elementor-top-section elementor-element elementor-element-5ca598b elementor-section-boxed elementor-section-height-default elementor-section-height-default\" data-id=\"5ca598b\" data-element_type=\"section\">\n\t\t\t\t\t\t<div class=\"elementor-container elementor-column-gap-default\">\n\t\t\t\t\t<div class=\"elementor-column elementor-col-100 elementor-top-column elementor-element elementor-element-a6022ae\" data-id=\"a6022ae\" data-element_type=\"column\" data-settings=\"{&quot;background_background&quot;:&quot;classic&quot;}\">\n\t\t\t<div class=\"elementor-widget-wrap elementor-element-populated\">\n\t\t\t\t\t\t<div class=\"elementor-element elementor-element-2b7deae elementor-widget elementor-widget-heading\" data-id=\"2b7deae\" data-element_type=\"widget\" data-widget_type=\"heading.default\">\n\t\t\t\t<div class=\"elementor-widget-container\">\n\t\t\t\t\t<h3 class=\"elementor-heading-title elementor-size-default\">Presente em toda Am\u00e9rica Latina <\/h3>\t\t\t\t<\/div>\n\t\t\t\t<\/div>\n\t\t\t\t<div class=\"elementor-element elementor-element-1a6ad2c elementor-widget elementor-widget-heading\" data-id=\"1a6ad2c\" data-element_type=\"widget\" data-widget_type=\"heading.default\">\n\t\t\t\t<div class=\"elementor-widget-container\">\n\t\t\t\t\t<h2 class=\"elementor-heading-title elementor-size-default\">Refer\u00eancia no Brasil<\/h2>\t\t\t\t<\/div>\n\t\t\t\t<\/div>\n\t\t\t\t<div class=\"elementor-element elementor-element-64829e7 elementor-align-center elementor-tablet-align-center elementor-widget elementor-widget-button\" data-id=\"64829e7\" data-element_type=\"widget\" data-widget_type=\"button.default\">\n\t\t\t\t<div class=\"elementor-widget-container\">\n\t\t\t\t\t\t\t\t\t<div class=\"elementor-button-wrapper\">\n\t\t\t\t\t<a class=\"elementor-button elementor-button-link elementor-size-xs\" href=\"https:\/\/riffel.com.br\/2025\/moto-pecas\/\">\n\t\t\t\t\t\t<span class=\"elementor-button-content-wrapper\">\n\t\t\t\t\t\t\t\t\t<span class=\"elementor-button-text\">Produtos<\/span>\n\t\t\t\t\t<\/span>\n\t\t\t\t\t<\/a>\n\t\t\t\t<\/div>\n\t\t\t\t\t\t\t\t<\/div>\n\t\t\t\t<\/div>\n\t\t\t\t<div class=\"elementor-element elementor-element-29fa0db elementor-widget elementor-widget-image\" data-id=\"29fa0db\" data-element_type=\"widget\" data-widget_type=\"image.default\">\n\t\t\t\t<div class=\"elementor-widget-container\">\n\t\t\t\t\t\t\t\t\t\t\t\t\t\t\t<img decoding=\"async\" width=\"290\" height=\"300\" src=\"https:\/\/riffel.com.br\/2025\/wp-content\/uploads\/2020\/12\/mascote-290x300.png\" class=\"attachment-medium size-medium wp-image-594\" alt=\"Mascote Riffel\" srcset=\"https:\/\/riffel.com.br\/2025\/wp-content\/uploads\/2020\/12\/mascote-290x300.png 290w, https:\/\/riffel.com.br\/2025\/wp-content\/uploads\/2020\/12\/mascote-64x66.png 64w, https:\/\/riffel.com.br\/2025\/wp-content\/uploads\/2020\/12\/mascote.png 570w\" sizes=\"(max-width: 290px) 100vw, 290px\" \/>\t\t\t\t\t\t\t\t\t\t\t\t\t\t\t<\/div>\n\t\t\t\t<\/div>\n\t\t\t\t\t<\/div>\n\t\t<\/div>\n\t\t\t\t\t<\/div>\n\t\t<\/section>\n\t\t\t\t<\/div>\n\t\t","protected":false},"excerpt":{"rendered":"<p>Onde Encontrar Home \/ P\u00e1gina Quer encontrar pe\u00e7as Riffel com facilidade? Use nosso localizador e descubra a loja mais pr\u00f3xima! Presente em toda Am\u00e9rica Latina Refer\u00eancia no Brasil Produtos<\/p>\n","protected":false},"author":1,"featured_media":0,"parent":0,"menu_order":0,"comment_status":"closed","ping_status":"closed","template":"","meta":{"footnotes":""},"class_list":["post-6295","page","type-page","status-publish","hentry"],"yoast_head":"<!-- This site is optimized with the Yoast SEO plugin v26.2 - https:\/\/yoast.com\/wordpress\/plugins\/seo\/ -->\n<title>Pertinho de voc\u00ea | Moto pe\u00e7as | Riffel<\/title>\n<meta name=\"description\" content=\"A Riffel est\u00e1 sempre pertinho de voc\u00ea. Em nosso buscador voc\u00ea encontra o produto a loja mais pr\u00f3xima para realizar suas compras.\" \/>\n<meta name=\"robots\" content=\"index, follow, max-snippet:-1, max-image-preview:large, max-video-preview:-1\" \/>\n<link rel=\"canonical\" href=\"https:\/\/riffel.com.br\/2025\/onde-encontrar\/\" \/>\n<meta property=\"og:locale\" content=\"pt_BR\" \/>\n<meta property=\"og:type\" content=\"article\" \/>\n<meta property=\"og:title\" content=\"Pertinho de voc\u00ea | Moto pe\u00e7as | Riffel\" \/>\n<meta property=\"og:description\" content=\"A Riffel est\u00e1 sempre pertinho de voc\u00ea. Em nosso buscador voc\u00ea encontra o produto a loja mais pr\u00f3xima para realizar suas compras.\" \/>\n<meta property=\"og:url\" content=\"https:\/\/riffel.com.br\/2025\/onde-encontrar\/\" \/>\n<meta property=\"og:site_name\" content=\"Riffel\" \/>\n<meta property=\"article:publisher\" content=\"https:\/\/www.facebook.com\/Riffel.OficialBR\/\" \/>\n<meta property=\"article:modified_time\" content=\"2025-08-21T13:44:36+00:00\" \/>\n<meta property=\"og:image\" content=\"https:\/\/riffel.com.br\/2025\/wp-content\/uploads\/2025\/08\/Onde-Encontrarmobile.jpg\" \/>\n<meta name=\"twitter:card\" content=\"summary_large_image\" \/>\n<meta name=\"twitter:label1\" content=\"Est. tempo de leitura\" \/>\n\t<meta name=\"twitter:data1\" content=\"1 minuto\" \/>\n<script type=\"application\/ld+json\" class=\"yoast-schema-graph\">{\"@context\":\"https:\/\/schema.org\",\"@graph\":[{\"@type\":\"WebPage\",\"@id\":\"https:\/\/riffel.com.br\/2025\/onde-encontrar\/\",\"url\":\"https:\/\/riffel.com.br\/2025\/onde-encontrar\/\",\"name\":\"Pertinho de voc\u00ea | Moto pe\u00e7as | Riffel\",\"isPartOf\":{\"@id\":\"https:\/\/riffel.com.br\/2025\/#website\"},\"primaryImageOfPage\":{\"@id\":\"https:\/\/riffel.com.br\/2025\/onde-encontrar\/#primaryimage\"},\"image\":{\"@id\":\"https:\/\/riffel.com.br\/2025\/onde-encontrar\/#primaryimage\"},\"thumbnailUrl\":\"https:\/\/riffel.com.br\/2025\/wp-content\/uploads\/2025\/08\/Onde-Encontrarmobile.jpg\",\"datePublished\":\"2022-08-08T14:58:06+00:00\",\"dateModified\":\"2025-08-21T13:44:36+00:00\",\"description\":\"A Riffel est\u00e1 sempre pertinho de voc\u00ea. Em nosso buscador voc\u00ea encontra o produto a loja mais pr\u00f3xima para realizar suas compras.\",\"breadcrumb\":{\"@id\":\"https:\/\/riffel.com.br\/2025\/onde-encontrar\/#breadcrumb\"},\"inLanguage\":\"pt-BR\",\"potentialAction\":[{\"@type\":\"ReadAction\",\"target\":[\"https:\/\/riffel.com.br\/2025\/onde-encontrar\/\"]}]},{\"@type\":\"ImageObject\",\"inLanguage\":\"pt-BR\",\"@id\":\"https:\/\/riffel.com.br\/2025\/onde-encontrar\/#primaryimage\",\"url\":\"https:\/\/riffel.com.br\/2025\/wp-content\/uploads\/2025\/08\/Onde-Encontrarmobile.jpg\",\"contentUrl\":\"https:\/\/riffel.com.br\/2025\/wp-content\/uploads\/2025\/08\/Onde-Encontrarmobile.jpg\",\"width\":700,\"height\":500},{\"@type\":\"BreadcrumbList\",\"@id\":\"https:\/\/riffel.com.br\/2025\/onde-encontrar\/#breadcrumb\",\"itemListElement\":[{\"@type\":\"ListItem\",\"position\":1,\"name\":\"In\u00edcio\",\"item\":\"https:\/\/riffel.com.br\/2025\/\"},{\"@type\":\"ListItem\",\"position\":2,\"name\":\"Onde Encontrar\"}]},{\"@type\":\"WebSite\",\"@id\":\"https:\/\/riffel.com.br\/2025\/#website\",\"url\":\"https:\/\/riffel.com.br\/2025\/\",\"name\":\"Riffel\",\"description\":\"Pe\u00e7as para moto\",\"publisher\":{\"@id\":\"https:\/\/riffel.com.br\/2025\/#organization\"},\"potentialAction\":[{\"@type\":\"SearchAction\",\"target\":{\"@type\":\"EntryPoint\",\"urlTemplate\":\"https:\/\/riffel.com.br\/2025\/?s={search_term_string}\"},\"query-input\":{\"@type\":\"PropertyValueSpecification\",\"valueRequired\":true,\"valueName\":\"search_term_string\"}}],\"inLanguage\":\"pt-BR\"},{\"@type\":\"Organization\",\"@id\":\"https:\/\/riffel.com.br\/2025\/#organization\",\"name\":\"Riffel - Pe\u00e7as a Acess\u00f3rios para Motos\",\"url\":\"https:\/\/riffel.com.br\/2025\/\",\"logo\":{\"@type\":\"ImageObject\",\"inLanguage\":\"pt-BR\",\"@id\":\"https:\/\/riffel.com.br\/2025\/#\/schema\/logo\/image\/\",\"url\":\"https:\/\/riffel.com.br\/2025\/wp-content\/uploads\/2020\/11\/logo-site.png\",\"contentUrl\":\"https:\/\/riffel.com.br\/2025\/wp-content\/uploads\/2020\/11\/logo-site.png\",\"width\":300,\"height\":56,\"caption\":\"Riffel - Pe\u00e7as a Acess\u00f3rios para Motos\"},\"image\":{\"@id\":\"https:\/\/riffel.com.br\/2025\/#\/schema\/logo\/image\/\"},\"sameAs\":[\"https:\/\/www.facebook.com\/Riffel.OficialBR\/\",\"https:\/\/www.instagram.com\/riffeloficial\/\",\"https:\/\/www.linkedin.com\/company\/riffel-moto-pe-as\/\",\"https:\/\/www.youtube.com\/Riffeloficialbr\"]}]}<\/script>\n<!-- \/ Yoast SEO plugin. -->","yoast_head_json":{"title":"Pertinho de voc\u00ea | Moto pe\u00e7as | Riffel","description":"A Riffel est\u00e1 sempre pertinho de voc\u00ea. Em nosso buscador voc\u00ea encontra o produto a loja mais pr\u00f3xima para realizar suas compras.","robots":{"index":"index","follow":"follow","max-snippet":"max-snippet:-1","max-image-preview":"max-image-preview:large","max-video-preview":"max-video-preview:-1"},"canonical":"https:\/\/riffel.com.br\/2025\/onde-encontrar\/","og_locale":"pt_BR","og_type":"article","og_title":"Pertinho de voc\u00ea | Moto pe\u00e7as | Riffel","og_description":"A Riffel est\u00e1 sempre pertinho de voc\u00ea. Em nosso buscador voc\u00ea encontra o produto a loja mais pr\u00f3xima para realizar suas compras.","og_url":"https:\/\/riffel.com.br\/2025\/onde-encontrar\/","og_site_name":"Riffel","article_publisher":"https:\/\/www.facebook.com\/Riffel.OficialBR\/","article_modified_time":"2025-08-21T13:44:36+00:00","og_image":[{"url":"https:\/\/riffel.com.br\/2025\/wp-content\/uploads\/2025\/08\/Onde-Encontrarmobile.jpg","type":"","width":"","height":""}],"twitter_card":"summary_large_image","twitter_misc":{"Est. tempo de leitura":"1 minuto"},"schema":{"@context":"https:\/\/schema.org","@graph":[{"@type":"WebPage","@id":"https:\/\/riffel.com.br\/2025\/onde-encontrar\/","url":"https:\/\/riffel.com.br\/2025\/onde-encontrar\/","name":"Pertinho de voc\u00ea | Moto pe\u00e7as | Riffel","isPartOf":{"@id":"https:\/\/riffel.com.br\/2025\/#website"},"primaryImageOfPage":{"@id":"https:\/\/riffel.com.br\/2025\/onde-encontrar\/#primaryimage"},"image":{"@id":"https:\/\/riffel.com.br\/2025\/onde-encontrar\/#primaryimage"},"thumbnailUrl":"https:\/\/riffel.com.br\/2025\/wp-content\/uploads\/2025\/08\/Onde-Encontrarmobile.jpg","datePublished":"2022-08-08T14:58:06+00:00","dateModified":"2025-08-21T13:44:36+00:00","description":"A Riffel est\u00e1 sempre pertinho de voc\u00ea. Em nosso buscador voc\u00ea encontra o produto a loja mais pr\u00f3xima para realizar suas compras.","breadcrumb":{"@id":"https:\/\/riffel.com.br\/2025\/onde-encontrar\/#breadcrumb"},"inLanguage":"pt-BR","potentialAction":[{"@type":"ReadAction","target":["https:\/\/riffel.com.br\/2025\/onde-encontrar\/"]}]},{"@type":"ImageObject","inLanguage":"pt-BR","@id":"https:\/\/riffel.com.br\/2025\/onde-encontrar\/#primaryimage","url":"https:\/\/riffel.com.br\/2025\/wp-content\/uploads\/2025\/08\/Onde-Encontrarmobile.jpg","contentUrl":"https:\/\/riffel.com.br\/2025\/wp-content\/uploads\/2025\/08\/Onde-Encontrarmobile.jpg","width":700,"height":500},{"@type":"BreadcrumbList","@id":"https:\/\/riffel.com.br\/2025\/onde-encontrar\/#breadcrumb","itemListElement":[{"@type":"ListItem","position":1,"name":"In\u00edcio","item":"https:\/\/riffel.com.br\/2025\/"},{"@type":"ListItem","position":2,"name":"Onde Encontrar"}]},{"@type":"WebSite","@id":"https:\/\/riffel.com.br\/2025\/#website","url":"https:\/\/riffel.com.br\/2025\/","name":"Riffel","description":"Pe\u00e7as para moto","publisher":{"@id":"https:\/\/riffel.com.br\/2025\/#organization"},"potentialAction":[{"@type":"SearchAction","target":{"@type":"EntryPoint","urlTemplate":"https:\/\/riffel.com.br\/2025\/?s={search_term_string}"},"query-input":{"@type":"PropertyValueSpecification","valueRequired":true,"valueName":"search_term_string"}}],"inLanguage":"pt-BR"},{"@type":"Organization","@id":"https:\/\/riffel.com.br\/2025\/#organization","name":"Riffel - Pe\u00e7as a Acess\u00f3rios para Motos","url":"https:\/\/riffel.com.br\/2025\/","logo":{"@type":"ImageObject","inLanguage":"pt-BR","@id":"https:\/\/riffel.com.br\/2025\/#\/schema\/logo\/image\/","url":"https:\/\/riffel.com.br\/2025\/wp-content\/uploads\/2020\/11\/logo-site.png","contentUrl":"https:\/\/riffel.com.br\/2025\/wp-content\/uploads\/2020\/11\/logo-site.png","width":300,"height":56,"caption":"Riffel - Pe\u00e7as a Acess\u00f3rios para Motos"},"image":{"@id":"https:\/\/riffel.com.br\/2025\/#\/schema\/logo\/image\/"},"sameAs":["https:\/\/www.facebook.com\/Riffel.OficialBR\/","https:\/\/www.instagram.com\/riffeloficial\/","https:\/\/www.linkedin.com\/company\/riffel-moto-pe-as\/","https:\/\/www.youtube.com\/Riffeloficialbr"]}]}},"_links":{"self":[{"href":"https:\/\/riffel.com.br\/2025\/wp-json\/wp\/v2\/pages\/6295","targetHints":{"allow":["GET"]}}],"collection":[{"href":"https:\/\/riffel.com.br\/2025\/wp-json\/wp\/v2\/pages"}],"about":[{"href":"https:\/\/riffel.com.br\/2025\/wp-json\/wp\/v2\/types\/page"}],"author":[{"embeddable":true,"href":"https:\/\/riffel.com.br\/2025\/wp-json\/wp\/v2\/users\/1"}],"replies":[{"embeddable":true,"href":"https:\/\/riffel.com.br\/2025\/wp-json\/wp\/v2\/comments?post=6295"}],"version-history":[{"count":36,"href":"https:\/\/riffel.com.br\/2025\/wp-json\/wp\/v2\/pages\/6295\/revisions"}],"predecessor-version":[{"id":15083,"href":"https:\/\/riffel.com.br\/2025\/wp-json\/wp\/v2\/pages\/6295\/revisions\/15083"}],"wp:attachment":[{"href":"https:\/\/riffel.com.br\/2025\/wp-json\/wp\/v2\/media?parent=6295"}],"curies":[{"name":"wp","href":"https:\/\/api.w.org\/{rel}","templated":true}]}}