{"id":14164,"date":"2025-07-14T17:01:49","date_gmt":"2025-07-14T20:01:49","guid":{"rendered":"https:\/\/riffel.com.br\/2025\/?page_id=14164"},"modified":"2025-08-01T12:05:38","modified_gmt":"2025-08-01T15:05:38","slug":"linha-carbon","status":"publish","type":"page","link":"https:\/\/riffel.com.br\/2025\/moto-pecas\/linha-carbon\/","title":{"rendered":"Linha Carbon"},"content":{"rendered":"\t\t<div data-elementor-type=\"wp-page\" data-elementor-id=\"14164\" class=\"elementor elementor-14164\" data-elementor-post-type=\"page\">\n\t\t\t\t<div class=\"elementor-element elementor-element-857861c e-con-full elementor-hidden-desktop e-flex e-con e-parent\" data-id=\"857861c\" data-element_type=\"container\">\n\t\t\t\t<div class=\"elementor-element elementor-element-e5367f2 elementor-widget elementor-widget-image\" data-id=\"e5367f2\" data-element_type=\"widget\" data-widget_type=\"image.default\">\n\t\t\t\t<div class=\"elementor-widget-container\">\n\t\t\t\t\t\t\t\t\t\t\t\t\t\t\t<img fetchpriority=\"high\" decoding=\"async\" width=\"700\" height=\"500\" src=\"https:\/\/riffel.com.br\/2025\/wp-content\/uploads\/2025\/07\/Pagina-mae-linha-carbon-mobile.jpg\" class=\"attachment-full size-full wp-image-14699\" alt=\"\" srcset=\"https:\/\/riffel.com.br\/2025\/wp-content\/uploads\/2025\/07\/Pagina-mae-linha-carbon-mobile.jpg 700w, https:\/\/riffel.com.br\/2025\/wp-content\/uploads\/2025\/07\/Pagina-mae-linha-carbon-mobile-300x214.jpg 300w, https:\/\/riffel.com.br\/2025\/wp-content\/uploads\/2025\/07\/Pagina-mae-linha-carbon-mobile-600x429.jpg 600w\" sizes=\"(max-width: 700px) 100vw, 700px\" \/>\t\t\t\t\t\t\t\t\t\t\t\t\t\t\t<\/div>\n\t\t\t\t<\/div>\n\t\t\t\t<\/div>\n\t\t<div class=\"elementor-element elementor-element-49ade26 e-con-full elementor-hidden-mobile elementor-hidden-tablet e-flex e-con e-parent\" data-id=\"49ade26\" data-element_type=\"container\">\n\t\t\t\t<div class=\"elementor-element elementor-element-9326fd9 elementor-widget elementor-widget-image\" data-id=\"9326fd9\" data-element_type=\"widget\" data-widget_type=\"image.default\">\n\t\t\t\t<div class=\"elementor-widget-container\">\n\t\t\t\t\t\t\t\t\t\t\t\t\t\t\t<img decoding=\"async\" width=\"1920\" height=\"500\" src=\"https:\/\/riffel.com.br\/2025\/wp-content\/uploads\/2025\/07\/Pagina-mae-linha-carbon.jpg\" class=\"attachment-full size-full wp-image-14700\" alt=\"\" srcset=\"https:\/\/riffel.com.br\/2025\/wp-content\/uploads\/2025\/07\/Pagina-mae-linha-carbon.jpg 1920w, https:\/\/riffel.com.br\/2025\/wp-content\/uploads\/2025\/07\/Pagina-mae-linha-carbon-300x78.jpg 300w, https:\/\/riffel.com.br\/2025\/wp-content\/uploads\/2025\/07\/Pagina-mae-linha-carbon-1024x267.jpg 1024w, https:\/\/riffel.com.br\/2025\/wp-content\/uploads\/2025\/07\/Pagina-mae-linha-carbon-768x200.jpg 768w, https:\/\/riffel.com.br\/2025\/wp-content\/uploads\/2025\/07\/Pagina-mae-linha-carbon-1536x400.jpg 1536w, https:\/\/riffel.com.br\/2025\/wp-content\/uploads\/2025\/07\/Pagina-mae-linha-carbon-600x156.jpg 600w\" sizes=\"(max-width: 1920px) 100vw, 1920px\" \/>\t\t\t\t\t\t\t\t\t\t\t\t\t\t\t<\/div>\n\t\t\t\t<\/div>\n\t\t\t\t<\/div>\n\t\t\t\t<section class=\"elementor-section elementor-top-section elementor-element elementor-element-9254676 elementor-section-content-middle elementor-section-boxed elementor-section-height-default elementor-section-height-default\" data-id=\"9254676\" data-element_type=\"section\" data-settings=\"{&quot;background_background&quot;:&quot;classic&quot;}\">\n\t\t\t\t\t\t<div class=\"elementor-container elementor-column-gap-default\">\n\t\t\t\t\t<div class=\"elementor-column elementor-col-100 elementor-top-column elementor-element elementor-element-d9bb0fa\" data-id=\"d9bb0fa\" data-element_type=\"column\" data-settings=\"{&quot;background_background&quot;:&quot;classic&quot;}\">\n\t\t\t<div class=\"elementor-widget-wrap elementor-element-populated\">\n\t\t\t\t\t\t<div class=\"elementor-element elementor-element-94df547 elementor-widget elementor-widget-heading\" data-id=\"94df547\" data-element_type=\"widget\" data-widget_type=\"heading.default\">\n\t\t\t\t<div class=\"elementor-widget-container\">\n\t\t\t\t\t<h1 class=\"elementor-heading-title elementor-size-default\">Linha Carbon<\/h1>\t\t\t\t<\/div>\n\t\t\t\t<\/div>\n\t\t\t\t<div class=\"elementor-element elementor-element-ca5e5bd elementor-widget elementor-widget-eael-breadcrumbs\" data-id=\"ca5e5bd\" data-element_type=\"widget\" data-widget_type=\"eael-breadcrumbs.default\">\n\t\t\t\t<div class=\"elementor-widget-container\">\n\t\t\t\t\t\t\t<div class=\"eael-breadcrumbs\">\n\t\t\t<div class=\"eael-breadcrumbs__content\"><a href=\"https:\/\/riffel.com.br\/2025\">Home<\/a> <span class=\"eael-breadcrumb-separator\">\/<\/span> <span class = \"eael-current\">P\u00e1gina<\/span><\/div>\t\t<\/div>\n\t\t\t\t\t\t<\/div>\n\t\t\t\t<\/div>\n\t\t\t\t\t<\/div>\n\t\t<\/div>\n\t\t\t\t\t<\/div>\n\t\t<\/section>\n\t\t<div class=\"elementor-element elementor-element-e10411b e-flex e-con-boxed e-con e-parent\" data-id=\"e10411b\" data-element_type=\"container\">\n\t\t\t\t\t<div class=\"e-con-inner\">\n\t\t<div class=\"elementor-element elementor-element-0d603fb e-con-full e-flex e-con e-child\" data-id=\"0d603fb\" data-element_type=\"container\">\n\t\t\t\t<div class=\"elementor-element elementor-element-1f6a416 elementor-cta--valign-middle elementor-cta--layout-image-left elementor-cta--mobile-layout-image-above elementor-widget__width-inherit elementor-cta--skin-classic elementor-animated-content elementor-widget elementor-widget-call-to-action\" data-id=\"1f6a416\" data-element_type=\"widget\" data-widget_type=\"call-to-action.default\">\n\t\t\t\t<div class=\"elementor-widget-container\">\n\t\t\t\t\t\t\t<a class=\"elementor-cta\" href=\"https:\/\/riffel.com.br\/2025\/moto-pecas\/linha-carbon\/carbon\/\">\n\t\t\t\t\t<div class=\"elementor-cta__bg-wrapper\">\n\t\t\t\t<div class=\"elementor-cta__bg elementor-bg\" style=\"background-image: url(https:\/\/riffel.com.br\/2025\/wp-content\/uploads\/2024\/10\/Semi-Kit-Riffel-Carbon-lateral-1.png);\" role=\"img\" aria-label=\"Semi Kit Riffel Carbon - lateral\"><\/div>\n\t\t\t\t<div class=\"elementor-cta__bg-overlay\"><\/div>\n\t\t\t<\/div>\n\t\t\t\t\t\t\t<div class=\"elementor-cta__content\">\n\t\t\t\t\n\t\t\t\t\t\t\t\t\t<h3 class=\"elementor-cta__title elementor-cta__content-item elementor-content-item\">\n\t\t\t\t\t\tSemi Kit Riffel Carbon\t\t\t\t\t<\/h3>\n\t\t\t\t\n\t\t\t\t\t\t\t\t\t<div class=\"elementor-cta__description elementor-cta__content-item elementor-content-item\">\n\t\t\t\t\t\tProduzida para motos de alta cilindrada, a linha de Semi Kits Riffel Carbon possui coroa em a\u00e7o 1045 e pinh\u00e3o no a\u00e7o liga a base de cromo e mangan\u00eas o que proporciona alta durabilidade e seguran\u00e7a. \t\t\t\t\t<\/div>\n\t\t\t\t\n\t\t\t\t\t\t\t\t\t<div class=\"elementor-cta__button-wrapper elementor-cta__content-item elementor-content-item \">\n\t\t\t\t\t<span class=\"elementor-cta__button elementor-button elementor-size-\">\n\t\t\t\t\t\tConfira\t\t\t\t\t<\/span>\n\t\t\t\t\t<\/div>\n\t\t\t\t\t\t\t<\/div>\n\t\t\t\t\t\t<\/a>\n\t\t\t\t\t\t<\/div>\n\t\t\t\t<\/div>\n\t\t\t\t<\/div>\n\t\t<div class=\"elementor-element elementor-element-b474650 e-con-full e-flex e-con e-child\" data-id=\"b474650\" data-element_type=\"container\">\n\t\t\t\t<div class=\"elementor-element elementor-element-2f40f33 elementor-cta--valign-middle elementor-cta--layout-image-left elementor-cta--mobile-layout-image-above elementor-widget__width-inherit elementor-cta--skin-classic elementor-animated-content elementor-widget elementor-widget-call-to-action\" data-id=\"2f40f33\" data-element_type=\"widget\" data-widget_type=\"call-to-action.default\">\n\t\t\t\t<div class=\"elementor-widget-container\">\n\t\t\t\t\t\t\t<a class=\"elementor-cta\" href=\"https:\/\/riffel.com.br\/2025\/moto-pecas\/linha-carbon\/corrente\/\">\n\t\t\t\t\t<div class=\"elementor-cta__bg-wrapper\">\n\t\t\t\t<div class=\"elementor-cta__bg elementor-bg\" style=\"background-image: url(https:\/\/riffel.com.br\/2025\/wp-content\/uploads\/2025\/06\/Corrente-Riffel-Carbon6-1.jpg);\" role=\"img\" aria-label=\"Corrente-Riffel-Carbon6-1.jpg\"><\/div>\n\t\t\t\t<div class=\"elementor-cta__bg-overlay\"><\/div>\n\t\t\t<\/div>\n\t\t\t\t\t\t\t<div class=\"elementor-cta__content\">\n\t\t\t\t\n\t\t\t\t\t\t\t\t\t<h3 class=\"elementor-cta__title elementor-cta__content-item elementor-content-item\">\n\t\t\t\t\t\tCorrente Carbon\t\t\t\t\t<\/h3>\n\t\t\t\t\n\t\t\t\t\t\t\t\t\t<div class=\"elementor-cta__description elementor-cta__content-item elementor-content-item\">\n\t\t\t\t\t\tIdeal para motos de alta cilindrada, a Corrente Riffel Carbon oferece desempenho superior, com alta resist\u00eancia e veda\u00e7\u00e3o com retentor Stella Ring.\t\t\t\t\t<\/div>\n\t\t\t\t\n\t\t\t\t\t\t\t\t\t<div class=\"elementor-cta__button-wrapper elementor-cta__content-item elementor-content-item \">\n\t\t\t\t\t<span class=\"elementor-cta__button elementor-button elementor-size-\">\n\t\t\t\t\t\tConfira\t\t\t\t\t<\/span>\n\t\t\t\t\t<\/div>\n\t\t\t\t\t\t\t<\/div>\n\t\t\t\t\t\t<\/a>\n\t\t\t\t\t\t<\/div>\n\t\t\t\t<\/div>\n\t\t\t\t<\/div>\n\t\t\t\t\t<\/div>\n\t\t\t\t<\/div>\n\t\t\t\t<\/div>\n\t\t","protected":false},"excerpt":{"rendered":"<p>Linha Carbon Home \/ P\u00e1gina Semi Kit Riffel Carbon Produzida para motos de alta cilindrada, a linha de Semi Kits Riffel Carbon possui coroa em a\u00e7o 1045 e pinh\u00e3o no a\u00e7o liga a base de cromo e mangan\u00eas o que proporciona alta durabilidade e seguran\u00e7a. Confira Corrente Carbon Ideal para motos de alta cilindrada, a [&hellip;]<\/p>\n","protected":false},"author":1,"featured_media":0,"parent":885,"menu_order":0,"comment_status":"closed","ping_status":"closed","template":"","meta":{"footnotes":""},"class_list":["post-14164","page","type-page","status-publish","hentry"],"yoast_head":"<!-- This site is optimized with the Yoast SEO plugin v26.2 - https:\/\/yoast.com\/wordpress\/plugins\/seo\/ -->\n<title>Riffel - Linha Carbon<\/title>\n<meta name=\"robots\" content=\"index, follow, max-snippet:-1, max-image-preview:large, max-video-preview:-1\" \/>\n<link rel=\"canonical\" href=\"https:\/\/riffel.com.br\/2025\/moto-pecas\/linha-carbon\/\" \/>\n<meta property=\"og:locale\" content=\"pt_BR\" \/>\n<meta property=\"og:type\" content=\"article\" \/>\n<meta property=\"og:title\" content=\"Riffel - Linha Carbon\" \/>\n<meta property=\"og:description\" content=\"Linha Carbon Home \/ P\u00e1gina Semi Kit Riffel Carbon Produzida para motos de alta cilindrada, a linha de Semi Kits Riffel Carbon possui coroa em a\u00e7o 1045 e pinh\u00e3o no a\u00e7o liga a base de cromo e mangan\u00eas o que proporciona alta durabilidade e seguran\u00e7a. Confira Corrente Carbon Ideal para motos de alta cilindrada, a [&hellip;]\" \/>\n<meta property=\"og:url\" content=\"https:\/\/riffel.com.br\/2025\/moto-pecas\/linha-carbon\/\" \/>\n<meta property=\"og:site_name\" content=\"Riffel\" \/>\n<meta property=\"article:publisher\" content=\"https:\/\/www.facebook.com\/Riffel.OficialBR\/\" \/>\n<meta property=\"article:modified_time\" content=\"2025-08-01T15:05:38+00:00\" \/>\n<meta property=\"og:image\" content=\"https:\/\/riffel.com.br\/2025\/wp-content\/uploads\/2025\/07\/Pagina-mae-linha-carbon-mobile.jpg\" \/>\n\t<meta property=\"og:image:width\" content=\"700\" \/>\n\t<meta property=\"og:image:height\" content=\"500\" \/>\n\t<meta property=\"og:image:type\" content=\"image\/jpeg\" \/>\n<meta name=\"twitter:card\" content=\"summary_large_image\" \/>\n<meta name=\"twitter:label1\" content=\"Est. tempo de leitura\" \/>\n\t<meta name=\"twitter:data1\" content=\"1 minuto\" \/>\n<script type=\"application\/ld+json\" class=\"yoast-schema-graph\">{\"@context\":\"https:\/\/schema.org\",\"@graph\":[{\"@type\":\"WebPage\",\"@id\":\"https:\/\/riffel.com.br\/2025\/moto-pecas\/linha-carbon\/\",\"url\":\"https:\/\/riffel.com.br\/2025\/moto-pecas\/linha-carbon\/\",\"name\":\"Riffel - Linha Carbon\",\"isPartOf\":{\"@id\":\"https:\/\/riffel.com.br\/2025\/#website\"},\"primaryImageOfPage\":{\"@id\":\"https:\/\/riffel.com.br\/2025\/moto-pecas\/linha-carbon\/#primaryimage\"},\"image\":{\"@id\":\"https:\/\/riffel.com.br\/2025\/moto-pecas\/linha-carbon\/#primaryimage\"},\"thumbnailUrl\":\"https:\/\/riffel.com.br\/2025\/wp-content\/uploads\/2025\/07\/Pagina-mae-linha-carbon-mobile.jpg\",\"datePublished\":\"2025-07-14T20:01:49+00:00\",\"dateModified\":\"2025-08-01T15:05:38+00:00\",\"breadcrumb\":{\"@id\":\"https:\/\/riffel.com.br\/2025\/moto-pecas\/linha-carbon\/#breadcrumb\"},\"inLanguage\":\"pt-BR\",\"potentialAction\":[{\"@type\":\"ReadAction\",\"target\":[\"https:\/\/riffel.com.br\/2025\/moto-pecas\/linha-carbon\/\"]}]},{\"@type\":\"ImageObject\",\"inLanguage\":\"pt-BR\",\"@id\":\"https:\/\/riffel.com.br\/2025\/moto-pecas\/linha-carbon\/#primaryimage\",\"url\":\"https:\/\/riffel.com.br\/2025\/wp-content\/uploads\/2025\/07\/Pagina-mae-linha-carbon-mobile.jpg\",\"contentUrl\":\"https:\/\/riffel.com.br\/2025\/wp-content\/uploads\/2025\/07\/Pagina-mae-linha-carbon-mobile.jpg\",\"width\":700,\"height\":500},{\"@type\":\"BreadcrumbList\",\"@id\":\"https:\/\/riffel.com.br\/2025\/moto-pecas\/linha-carbon\/#breadcrumb\",\"itemListElement\":[{\"@type\":\"ListItem\",\"position\":1,\"name\":\"In\u00edcio\",\"item\":\"https:\/\/riffel.com.br\/2025\/\"},{\"@type\":\"ListItem\",\"position\":2,\"name\":\"Moto Pe\u00e7as\",\"item\":\"https:\/\/riffel.com.br\/2025\/moto-pecas\/\"},{\"@type\":\"ListItem\",\"position\":3,\"name\":\"Linha Carbon\"}]},{\"@type\":\"WebSite\",\"@id\":\"https:\/\/riffel.com.br\/2025\/#website\",\"url\":\"https:\/\/riffel.com.br\/2025\/\",\"name\":\"Riffel\",\"description\":\"Pe\u00e7as para moto\",\"publisher\":{\"@id\":\"https:\/\/riffel.com.br\/2025\/#organization\"},\"potentialAction\":[{\"@type\":\"SearchAction\",\"target\":{\"@type\":\"EntryPoint\",\"urlTemplate\":\"https:\/\/riffel.com.br\/2025\/?s={search_term_string}\"},\"query-input\":{\"@type\":\"PropertyValueSpecification\",\"valueRequired\":true,\"valueName\":\"search_term_string\"}}],\"inLanguage\":\"pt-BR\"},{\"@type\":\"Organization\",\"@id\":\"https:\/\/riffel.com.br\/2025\/#organization\",\"name\":\"Riffel - Pe\u00e7as a Acess\u00f3rios para Motos\",\"url\":\"https:\/\/riffel.com.br\/2025\/\",\"logo\":{\"@type\":\"ImageObject\",\"inLanguage\":\"pt-BR\",\"@id\":\"https:\/\/riffel.com.br\/2025\/#\/schema\/logo\/image\/\",\"url\":\"https:\/\/riffel.com.br\/2025\/wp-content\/uploads\/2020\/11\/logo-site.png\",\"contentUrl\":\"https:\/\/riffel.com.br\/2025\/wp-content\/uploads\/2020\/11\/logo-site.png\",\"width\":300,\"height\":56,\"caption\":\"Riffel - Pe\u00e7as a Acess\u00f3rios para Motos\"},\"image\":{\"@id\":\"https:\/\/riffel.com.br\/2025\/#\/schema\/logo\/image\/\"},\"sameAs\":[\"https:\/\/www.facebook.com\/Riffel.OficialBR\/\",\"https:\/\/www.instagram.com\/riffeloficial\/\",\"https:\/\/www.linkedin.com\/company\/riffel-moto-pe-as\/\",\"https:\/\/www.youtube.com\/Riffeloficialbr\"]}]}<\/script>\n<!-- \/ Yoast SEO plugin. -->","yoast_head_json":{"title":"Riffel - Linha Carbon","robots":{"index":"index","follow":"follow","max-snippet":"max-snippet:-1","max-image-preview":"max-image-preview:large","max-video-preview":"max-video-preview:-1"},"canonical":"https:\/\/riffel.com.br\/2025\/moto-pecas\/linha-carbon\/","og_locale":"pt_BR","og_type":"article","og_title":"Riffel - Linha Carbon","og_description":"Linha Carbon Home \/ P\u00e1gina Semi Kit Riffel Carbon Produzida para motos de alta cilindrada, a linha de Semi Kits Riffel Carbon possui coroa em a\u00e7o 1045 e pinh\u00e3o no a\u00e7o liga a base de cromo e mangan\u00eas o que proporciona alta durabilidade e seguran\u00e7a. Confira Corrente Carbon Ideal para motos de alta cilindrada, a [&hellip;]","og_url":"https:\/\/riffel.com.br\/2025\/moto-pecas\/linha-carbon\/","og_site_name":"Riffel","article_publisher":"https:\/\/www.facebook.com\/Riffel.OficialBR\/","article_modified_time":"2025-08-01T15:05:38+00:00","og_image":[{"width":700,"height":500,"url":"https:\/\/riffel.com.br\/2025\/wp-content\/uploads\/2025\/07\/Pagina-mae-linha-carbon-mobile.jpg","type":"image\/jpeg"}],"twitter_card":"summary_large_image","twitter_misc":{"Est. tempo de leitura":"1 minuto"},"schema":{"@context":"https:\/\/schema.org","@graph":[{"@type":"WebPage","@id":"https:\/\/riffel.com.br\/2025\/moto-pecas\/linha-carbon\/","url":"https:\/\/riffel.com.br\/2025\/moto-pecas\/linha-carbon\/","name":"Riffel - Linha Carbon","isPartOf":{"@id":"https:\/\/riffel.com.br\/2025\/#website"},"primaryImageOfPage":{"@id":"https:\/\/riffel.com.br\/2025\/moto-pecas\/linha-carbon\/#primaryimage"},"image":{"@id":"https:\/\/riffel.com.br\/2025\/moto-pecas\/linha-carbon\/#primaryimage"},"thumbnailUrl":"https:\/\/riffel.com.br\/2025\/wp-content\/uploads\/2025\/07\/Pagina-mae-linha-carbon-mobile.jpg","datePublished":"2025-07-14T20:01:49+00:00","dateModified":"2025-08-01T15:05:38+00:00","breadcrumb":{"@id":"https:\/\/riffel.com.br\/2025\/moto-pecas\/linha-carbon\/#breadcrumb"},"inLanguage":"pt-BR","potentialAction":[{"@type":"ReadAction","target":["https:\/\/riffel.com.br\/2025\/moto-pecas\/linha-carbon\/"]}]},{"@type":"ImageObject","inLanguage":"pt-BR","@id":"https:\/\/riffel.com.br\/2025\/moto-pecas\/linha-carbon\/#primaryimage","url":"https:\/\/riffel.com.br\/2025\/wp-content\/uploads\/2025\/07\/Pagina-mae-linha-carbon-mobile.jpg","contentUrl":"https:\/\/riffel.com.br\/2025\/wp-content\/uploads\/2025\/07\/Pagina-mae-linha-carbon-mobile.jpg","width":700,"height":500},{"@type":"BreadcrumbList","@id":"https:\/\/riffel.com.br\/2025\/moto-pecas\/linha-carbon\/#breadcrumb","itemListElement":[{"@type":"ListItem","position":1,"name":"In\u00edcio","item":"https:\/\/riffel.com.br\/2025\/"},{"@type":"ListItem","position":2,"name":"Moto Pe\u00e7as","item":"https:\/\/riffel.com.br\/2025\/moto-pecas\/"},{"@type":"ListItem","position":3,"name":"Linha Carbon"}]},{"@type":"WebSite","@id":"https:\/\/riffel.com.br\/2025\/#website","url":"https:\/\/riffel.com.br\/2025\/","name":"Riffel","description":"Pe\u00e7as para moto","publisher":{"@id":"https:\/\/riffel.com.br\/2025\/#organization"},"potentialAction":[{"@type":"SearchAction","target":{"@type":"EntryPoint","urlTemplate":"https:\/\/riffel.com.br\/2025\/?s={search_term_string}"},"query-input":{"@type":"PropertyValueSpecification","valueRequired":true,"valueName":"search_term_string"}}],"inLanguage":"pt-BR"},{"@type":"Organization","@id":"https:\/\/riffel.com.br\/2025\/#organization","name":"Riffel - Pe\u00e7as a Acess\u00f3rios para Motos","url":"https:\/\/riffel.com.br\/2025\/","logo":{"@type":"ImageObject","inLanguage":"pt-BR","@id":"https:\/\/riffel.com.br\/2025\/#\/schema\/logo\/image\/","url":"https:\/\/riffel.com.br\/2025\/wp-content\/uploads\/2020\/11\/logo-site.png","contentUrl":"https:\/\/riffel.com.br\/2025\/wp-content\/uploads\/2020\/11\/logo-site.png","width":300,"height":56,"caption":"Riffel - Pe\u00e7as a Acess\u00f3rios para Motos"},"image":{"@id":"https:\/\/riffel.com.br\/2025\/#\/schema\/logo\/image\/"},"sameAs":["https:\/\/www.facebook.com\/Riffel.OficialBR\/","https:\/\/www.instagram.com\/riffeloficial\/","https:\/\/www.linkedin.com\/company\/riffel-moto-pe-as\/","https:\/\/www.youtube.com\/Riffeloficialbr"]}]}},"_links":{"self":[{"href":"https:\/\/riffel.com.br\/2025\/wp-json\/wp\/v2\/pages\/14164","targetHints":{"allow":["GET"]}}],"collection":[{"href":"https:\/\/riffel.com.br\/2025\/wp-json\/wp\/v2\/pages"}],"about":[{"href":"https:\/\/riffel.com.br\/2025\/wp-json\/wp\/v2\/types\/page"}],"author":[{"embeddable":true,"href":"https:\/\/riffel.com.br\/2025\/wp-json\/wp\/v2\/users\/1"}],"replies":[{"embeddable":true,"href":"https:\/\/riffel.com.br\/2025\/wp-json\/wp\/v2\/comments?post=14164"}],"version-history":[{"count":30,"href":"https:\/\/riffel.com.br\/2025\/wp-json\/wp\/v2\/pages\/14164\/revisions"}],"predecessor-version":[{"id":14947,"href":"https:\/\/riffel.com.br\/2025\/wp-json\/wp\/v2\/pages\/14164\/revisions\/14947"}],"up":[{"embeddable":true,"href":"https:\/\/riffel.com.br\/2025\/wp-json\/wp\/v2\/pages\/885"}],"wp:attachment":[{"href":"https:\/\/riffel.com.br\/2025\/wp-json\/wp\/v2\/media?parent=14164"}],"curies":[{"name":"wp","href":"https:\/\/api.w.org\/{rel}","templated":true}]}}